{"id":1004,"date":"2025-05-04T21:22:25","date_gmt":"2025-05-04T21:22:25","guid":{"rendered":"https:\/\/mia-airport.com\/?page_id=1004"},"modified":"2026-01-02T08:57:37","modified_gmt":"2026-01-02T12:57:37","slug":"terminal","status":"publish","type":"page","link":"https:\/\/mia-airport.com\/es\/terminal\/","title":{"rendered":"Gu\u00eda de terminales del Aeropuerto Internacional de Miami"},"content":{"rendered":"<p>El Aeropuerto Internacional de Miami (MIA) opera 1000 vuelos diarios a m\u00e1s de 185 destinos. El aeropuerto ofrece servicios de accesibilidad, como asistencia para sillas de ruedas, traducci\u00f3n, ba\u00f1os accesibles, rampas, ascensores y tel\u00e9fonos especiales. Los pasajeros que necesiten ayuda deben notificar al aeropuerto o a la agencia de viajes con 24 horas de antelaci\u00f3n. Hay wifi gratuito disponible en toda la terminal, con salas VIP y el Hotel Miami Airport que ofrecen comodidad y descanso. El MIA cuenta con tres terminales en forma de herradura conectadas por el Skytrain gratuito. Las llegadas se encuentran en la primera planta. <a href=\"https:\/\/mia-airport.com\/es\/salidas\/\">salidas<\/a> en el segundo, y alquiler de coches con parking en el tercero.<\/p>\n<h2>Terminal Norte - Pasillo D<\/h2>\n<p>La Terminal Norte del Aeropuerto de Miami atiende principalmente vuelos nacionales, especialmente de American Airlines, junto con algunas aerol\u00edneas regionales y de bajo costo. Su eficiente distribuci\u00f3n facilita conexiones r\u00e1pidas. Las instalaciones incluyen restaurantes, cafeter\u00edas y salas VIP como el Admirals Club, el Flagship Lounge y el Centurion Lounge. Los pasajeros se benefician de una moderna zona de recogida de equipaje, amplias tiendas libres de impuestos y f\u00e1cil acceso a la red de terminales para conexiones r\u00e1pidas.<\/p>\n<h2>Terminal Central - Pasillos E, F y G<\/h2>\n<p>La Terminal Central se encuentra en el coraz\u00f3n del aeropuerto. Numerosas aerol\u00edneas nacionales estadounidenses operan en esta secci\u00f3n, y tambi\u00e9n se realizan vuelos internacionales desde esta terminal. Algunos vuelos de aerol\u00edneas como Delta, United, Southwest y Frontier se operan a trav\u00e9s de la Terminal Central. Los detalles se encuentran en la <a class=\"\" href=\"https:\/\/mia-airport.com\/es\/lineas-aereas\/\" target=\"_new\" rel=\"noopener\" data-start=\"3254\" data-end=\"3309\">directorio de aerol\u00edneas<\/a>La terminal ofrece amplias \u00e1reas de facturaci\u00f3n, modernos salones, opciones gastron\u00f3micas y comerciales.<\/p>\n<h2>Terminal Sur - Pasillos H y J<\/h2>\n<p>La Terminal Sur del Aeropuerto de Miami recibe la mayor\u00eda de los vuelos internacionales, con rutas a Europa, Asia, Oriente Medio y Latinoam\u00e9rica. Entre las principales aerol\u00edneas se encuentran British Airways, Lufthansa, Air France, Emirates, Qatar Airways y Turkish Airlines, y algunos vuelos nacionales tambi\u00e9n parten de aqu\u00ed. Las instalaciones cuentan con tiendas libres de impuestos. <a href=\"https:\/\/mia-airport.com\/es\/comida-bebida\/\">restaurantes<\/a>y salas VIP como Delta Sky Club y LATAM VIP Lounge. Los pasajeros tambi\u00e9n tienen acceso a servicios m\u00e9dicos, salas de lactancia y puntos de asistencia. La accesibilidad est\u00e1 garantizada en todas las terminales con rampas, ascensores amplios y ba\u00f1os accesibles. Wi-Fi gratuito, zonas de oraci\u00f3n y... <a href=\"https:\/\/mia-airport.com\/es\/llegadas\/\">actualizaciones de llegada en vivo<\/a> Tambi\u00e9n est\u00e1n disponibles.<\/p>","protected":false},"excerpt":{"rendered":"<p>Miami International Airport (MIA) operates 1,000 daily flights to over 185 destinations. The airport provides accessibility services including wheelchair assistance, [&hellip;]<\/p>","protected":false},"author":1,"featured_media":0,"parent":0,"menu_order":0,"comment_status":"closed","ping_status":"closed","template":"","meta":{"_acf_changed":false,"site-sidebar-layout":"no-sidebar","site-content-layout":"","ast-site-content-layout":"default","site-content-style":"default","site-sidebar-style":"default","ast-global-header-display":"","ast-banner-title-visibility":"","ast-main-header-display":"","ast-hfb-above-header-display":"","ast-hfb-below-header-display":"","ast-hfb-mobile-header-display":"","site-post-title":"","ast-breadcrumbs-content":"","ast-featured-img":"","footer-sml-layout":"","theme-transparent-header-meta":"default","adv-header-id-meta":"","stick-header-meta":"","header-above-stick-meta":"","header-main-stick-meta":"","header-below-stick-meta":"","astra-migrate-meta-layouts":"set","ast-page-background-enabled":"default","ast-page-background-meta":{"desktop":{"background-color":"var(--ast-global-color-4)","background-image":"","background-repeat":"repeat","background-position":"center center","background-size":"auto","background-attachment":"scroll","background-type":"","background-media":"","overlay-type":"","overlay-color":"","overlay-opacity":"","overlay-gradient":""},"tablet":{"background-color":"","background-image":"","background-repeat":"repeat","background-position":"center center","background-size":"auto","background-attachment":"scroll","background-type":"","background-media":"","overlay-type":"","overlay-color":"","overlay-opacity":"","overlay-gradient":""},"mobile":{"background-color":"","background-image":"","background-repeat":"repeat","background-position":"center center","background-size":"auto","background-attachment":"scroll","background-type":"","background-media":"","overlay-type":"","overlay-color":"","overlay-opacity":"","overlay-gradient":""}},"ast-content-background-meta":{"desktop":{"background-color":"var(--ast-global-color-5)","background-image":"","background-repeat":"repeat","background-position":"center center","background-size":"auto","background-attachment":"scroll","background-type":"","background-media":"","overlay-type":"","overlay-color":"","overlay-opacity":"","overlay-gradient":""},"tablet":{"background-color":"var(--ast-global-color-5)","background-image":"","background-repeat":"repeat","background-position":"center center","background-size":"auto","background-attachment":"scroll","background-type":"","background-media":"","overlay-type":"","overlay-color":"","overlay-opacity":"","overlay-gradient":""},"mobile":{"background-color":"var(--ast-global-color-5)","background-image":"","background-repeat":"repeat","background-position":"center center","background-size":"auto","background-attachment":"scroll","background-type":"","background-media":"","overlay-type":"","overlay-color":"","overlay-opacity":"","overlay-gradient":""}},"footnotes":""},"class_list":["post-1004","page","type-page","status-publish","hentry"],"acf":[],"_links":{"self":[{"href":"https:\/\/mia-airport.com\/es\/wp-json\/wp\/v2\/pages\/1004","targetHints":{"allow":["GET"]}}],"collection":[{"href":"https:\/\/mia-airport.com\/es\/wp-json\/wp\/v2\/pages"}],"about":[{"href":"https:\/\/mia-airport.com\/es\/wp-json\/wp\/v2\/types\/page"}],"author":[{"embeddable":true,"href":"https:\/\/mia-airport.com\/es\/wp-json\/wp\/v2\/users\/1"}],"replies":[{"embeddable":true,"href":"https:\/\/mia-airport.com\/es\/wp-json\/wp\/v2\/comments?post=1004"}],"version-history":[{"count":0,"href":"https:\/\/mia-airport.com\/es\/wp-json\/wp\/v2\/pages\/1004\/revisions"}],"wp:attachment":[{"href":"https:\/\/mia-airport.com\/es\/wp-json\/wp\/v2\/media?parent=1004"}],"curies":[{"name":"wp","href":"https:\/\/api.w.org\/{rel}","templated":true}]}}