{"id":1033,"date":"2025-05-04T21:50:05","date_gmt":"2025-05-04T21:50:05","guid":{"rendered":"https:\/\/mia-airport.com\/?page_id=1033"},"modified":"2026-01-02T08:01:01","modified_gmt":"2026-01-02T12:01:01","slug":"consigna-de-equipajes","status":"publish","type":"page","link":"https:\/\/mia-airport.com\/es\/consigna-de-equipajes\/","title":{"rendered":"Consigna de equipajes"},"content":{"rendered":"<p>El Aeropuerto Internacional de Miami dispone de varias consignas donde los viajeros pueden dejar su equipaje de forma segura. Estos servicios son especialmente \u00fatiles para escalas largas, llegadas anticipadas o viajes cortos por la ciudad.<\/p>\n<p>El principal punto que presta servicios de consigna de equipajes es Communitel Baggage Storage, situado en la Terminal Central E, en la 2\u00aa planta. Este servicio est\u00e1 abierto todos los d\u00edas de 05:00 a 21:00 horas. Los pasajeros pueden depositar su equipaje de forma segura y disfrutar de servicios adicionales como servicios notariales, fotograf\u00eda de pasaportes y accesorios de viaje.<\/p>\n<div style=\"text-align: center; margin: 20px 0;\"><\/div>\n<!-- No shortcodes are defined -->\n<p>Las tarifas de almacenamiento de equipaje en el Aeropuerto de Miami var\u00edan seg\u00fan el tama\u00f1o del equipaje. La tarifa diaria para equipaje de 0 a 18 pulgadas es de $12, para equipaje de 18 a 24 pulgadas es de $14, para equipaje de 24 a 32 pulgadas es de $16, para equipaje de 32 a 40 pulgadas es de $18, para equipaje de 40 pulgadas y 4 pies es de $22, y para equipaje de 4 a 10 pies es de $24. Estos precios se calculan diariamente seg\u00fan el tama\u00f1o del equipaje.<\/p>\n<p>Tambi\u00e9n hay servicios de consigna de equipajes fuera del MIA. Por ejemplo, proveedores de servicios como Bounce y LuggageHero ofrecen consigna de equipaje en puntos cercanos al aeropuerto. Estos servicios ofrecen consigna de equipaje por horas o por d\u00edas.<\/p>\n<p>Communitel Baggage Storage est\u00e1 abierto todos los d\u00edas de 05:00 am a 21:00 pm.<\/p>","protected":false},"excerpt":{"rendered":"<p>Miami International Airport has several storage locations where travellers can safely leave their luggage. These services are particularly useful for [&hellip;]<\/p>","protected":false},"author":1,"featured_media":1146,"parent":0,"menu_order":0,"comment_status":"closed","ping_status":"closed","template":"","meta":{"_acf_changed":false,"site-sidebar-layout":"no-sidebar","site-content-layout":"","ast-site-content-layout":"default","site-content-style":"default","site-sidebar-style":"default","ast-global-header-display":"","ast-banner-title-visibility":"","ast-main-header-display":"","ast-hfb-above-header-display":"","ast-hfb-below-header-display":"","ast-hfb-mobile-header-display":"","site-post-title":"","ast-breadcrumbs-content":"","ast-featured-img":"","footer-sml-layout":"","theme-transparent-header-meta":"default","adv-header-id-meta":"","stick-header-meta":"","header-above-stick-meta":"","header-main-stick-meta":"","header-below-stick-meta":"","astra-migrate-meta-layouts":"set","ast-page-background-enabled":"default","ast-page-background-meta":{"desktop":{"background-color":"var(--ast-global-color-4)","background-image":"","background-repeat":"repeat","background-position":"center center","background-size":"auto","background-attachment":"scroll","background-type":"","background-media":"","overlay-type":"","overlay-color":"","overlay-opacity":"","overlay-gradient":""},"tablet":{"background-color":"","background-image":"","background-repeat":"repeat","background-position":"center center","background-size":"auto","background-attachment":"scroll","background-type":"","background-media":"","overlay-type":"","overlay-color":"","overlay-opacity":"","overlay-gradient":""},"mobile":{"background-color":"","background-image":"","background-repeat":"repeat","background-position":"center center","background-size":"auto","background-attachment":"scroll","background-type":"","background-media":"","overlay-type":"","overlay-color":"","overlay-opacity":"","overlay-gradient":""}},"ast-content-background-meta":{"desktop":{"background-color":"var(--ast-global-color-5)","background-image":"","background-repeat":"repeat","background-position":"center center","background-size":"auto","background-attachment":"scroll","background-type":"","background-media":"","overlay-type":"","overlay-color":"","overlay-opacity":"","overlay-gradient":""},"tablet":{"background-color":"var(--ast-global-color-5)","background-image":"","background-repeat":"repeat","background-position":"center center","background-size":"auto","background-attachment":"scroll","background-type":"","background-media":"","overlay-type":"","overlay-color":"","overlay-opacity":"","overlay-gradient":""},"mobile":{"background-color":"var(--ast-global-color-5)","background-image":"","background-repeat":"repeat","background-position":"center center","background-size":"auto","background-attachment":"scroll","background-type":"","background-media":"","overlay-type":"","overlay-color":"","overlay-opacity":"","overlay-gradient":""}},"footnotes":""},"class_list":["post-1033","page","type-page","status-publish","has-post-thumbnail","hentry"],"acf":[],"_links":{"self":[{"href":"https:\/\/mia-airport.com\/es\/wp-json\/wp\/v2\/pages\/1033","targetHints":{"allow":["GET"]}}],"collection":[{"href":"https:\/\/mia-airport.com\/es\/wp-json\/wp\/v2\/pages"}],"about":[{"href":"https:\/\/mia-airport.com\/es\/wp-json\/wp\/v2\/types\/page"}],"author":[{"embeddable":true,"href":"https:\/\/mia-airport.com\/es\/wp-json\/wp\/v2\/users\/1"}],"replies":[{"embeddable":true,"href":"https:\/\/mia-airport.com\/es\/wp-json\/wp\/v2\/comments?post=1033"}],"version-history":[{"count":0,"href":"https:\/\/mia-airport.com\/es\/wp-json\/wp\/v2\/pages\/1033\/revisions"}],"wp:featuredmedia":[{"embeddable":true,"href":"https:\/\/mia-airport.com\/es\/wp-json\/wp\/v2\/media\/1146"}],"wp:attachment":[{"href":"https:\/\/mia-airport.com\/es\/wp-json\/wp\/v2\/media?parent=1033"}],"curies":[{"name":"wp","href":"https:\/\/api.w.org\/{rel}","templated":true}]}}