{"id":1359,"date":"2025-12-03T06:20:56","date_gmt":"2025-12-03T10:20:56","guid":{"rendered":"https:\/\/mia-airport.com\/?page_id=1359"},"modified":"2026-01-02T08:08:56","modified_gmt":"2026-01-02T12:08:56","slug":"things-to-do","status":"publish","type":"page","link":"https:\/\/mia-airport.com\/es\/things-to-do\/","title":{"rendered":"27 mejores cosas para hacer en Miami: desde South Beach hasta los Everglades"},"content":{"rendered":"<p>Miami presume de una incre\u00edble diversidad, desde cultura hasta naturaleza, playas y arquitectura. Desde el momento en que llegas a Miami, las playas, la sombra de las palmeras y los vibrantes colores te cautivan desde el primer momento. En esta lista, he recopilado todas las actividades que puedes hacer en Miami. \u00a1Aqu\u00ed tienes una maravillosa gu\u00eda de Miami!<\/p>\n<h2>1. Corre al amanecer en South Beach<\/h2>\n<p><img decoding=\"async\" class=\"aligncenter wp-image-1373\" src=\"https:\/\/mia-airport.com\/wp-content\/uploads\/Run-at-Sunrise-on-South-Beach-scaled.webp\" alt=\"\" width=\"1200\" height=\"759\" title=\"\" srcset=\"https:\/\/mia-airport.com\/wp-content\/uploads\/Run-at-Sunrise-on-South-Beach-scaled.webp 2560w, https:\/\/mia-airport.com\/wp-content\/uploads\/Run-at-Sunrise-on-South-Beach-768x486.webp 768w, https:\/\/mia-airport.com\/wp-content\/uploads\/Run-at-Sunrise-on-South-Beach-1536x972.webp 1536w, https:\/\/mia-airport.com\/wp-content\/uploads\/Run-at-Sunrise-on-South-Beach-2048x1296.webp 2048w, https:\/\/mia-airport.com\/wp-content\/uploads\/Run-at-Sunrise-on-South-Beach-18x12.webp 18w\" sizes=\"(max-width: 1200px) 100vw, 1200px\" \/><\/p>\n<p>La extensa playa de arena y el paseo mar\u00edtimo de South Beach son ideales para correr por la ma\u00f1ana. Puedes disfrutar de una agradable carrera aqu\u00ed a primera hora de la ma\u00f1ana. Recomiendo correr entre las 6:00 y las 8:00 a. m.<\/p>\n<h3>2. Recorrido en bicicleta por Ocean Drive<\/h3>\n<p>Ocean Drive, con sus casas Art D\u00e9co y palmeras, es uno de los lugares m\u00e1s hermosos para un recorrido en bicicleta. Puedes unirte a las visitas guiadas. Al unirte a estas visitas, puedes obtener informaci\u00f3n m\u00e1s detallada sobre la arquitectura. Presta atenci\u00f3n a las normas de tr\u00e1fico. La calle es muy transitada.<\/p>\n<h3>3. Paseo en barco y snorkel en la Bah\u00eda Biscayne<\/h3>\n<p>La zona de Biscayne es famosa por sus arrecifes protegidos, naufragios y rica vida marina. Se organizan excursiones guiadas de snorkel y paseos en barco con fondo de cristal dentro del parque. Para tomar fotograf\u00edas, la luz es mejor por la ma\u00f1ana y al final de la tarde.<\/p>\n<h3>4. Paddleboarding en Key Biscayne<\/h3>\n<p>Las aguas poco profundas y tranquilas que rodean Crandon Park y la bah\u00eda de Key Biscayne son ideales para practicar SUP. Tambi\u00e9n hay zonas tranquilas aptas para principiantes. Si ya tienes experiencia en remo, puedes explorar nuevas rutas.<\/p>\n<h3>5. Alquiler de motos acu\u00e1ticas en Miami Beach<\/h3>\n<p>Alquilar una moto acu\u00e1tica es una actividad popular en Miami. Puedes alquilar una moto acu\u00e1tica por entre 30 y 60 minutos.<\/p>\n<h4>6. Snorkel en Crandon Park<\/h4>\n<p>El Parque Crandon es ideal para principiantes en snorkel, gracias a sus costas poco profundas y calas tranquilas. Se puede alquilar equipo en la administraci\u00f3n del parque. Es ideal para familias. El agua es m\u00e1s clara al mediod\u00eda y en los d\u00edas soleados.<\/p>\n<h3>7. Safari en hidrodeslizador por los Everglades<\/h3>\n<p>\u00danase a un recorrido en hidrodeslizador por los Everglades para observar las marismas, los caimanes y las especies de aves de la regi\u00f3n. Muchos operadores cerca del Parque Nacional ofrecen recorridos de diferentes duraciones. Alimentar a los caimanes est\u00e1 prohibido en muchos lugares de EE. UU. Siga las instrucciones del gu\u00eda.<\/p>\n<h3>8. Excursi\u00f3n en barco de un d\u00eda por Key West<\/h3>\n<p>Los programas tur\u00edsticos de Key West incluyen snorkeling, nataci\u00f3n, recorridos por la isla y paradas culturales como la Casa Hemingway y Mallory Square.<\/p>\n<h3>9. Crucero al atardecer en la Bah\u00eda Vizca\u00edna<\/h3>\n<p>Los tours al atardecer en la Bah\u00eda Vizca\u00edna, con DJ, suelen durar entre una y dos horas. Algunos tours ofrecen barra libre y refrigerios.<\/p>\n<h3>10. Museo y Jardines de Vizcaya<\/h3>\n<p>Vizcaya es una villa hist\u00f3rica ubicada en la costa vizca\u00edna. Fue la residencia de invierno de James Deering. El edificio y los jardines est\u00e1n protegidos.<\/p>\n<h4>11. Museo de Ciencias Phillip y Patricia Frost<\/h4>\n<p>Frost Science se encuentra en el Parque del Museo. Aqu\u00ed se realizan espect\u00e1culos de planetario y talleres educativos.<\/p>\n<h3>12. Museo de Historia de Miami<\/h3>\n<p>HistoryMiami se encuentra en el centro de Miami. Este museo cuenta con extensas colecciones sobre la historia de Florida.<\/p>\n<h4>13. Antiguo Monasterio Espa\u00f1ol<\/h4>\n<p>Este sitio, que es como una exposici\u00f3n al aire libre, fue reconstruido en Miami en la d\u00e9cada de 1920 utilizando piezas de piedra del siglo XII originarias de Segovia, Espa\u00f1a.<\/p>\n<h3>14. Archivos Negros de HistoryMiami<\/h3>\n<p>Los Archivos Negros de HistoryMiami est\u00e1n llenos de fotograf\u00edas, historias orales y manuscritos que documentan las comunidades afroamericanas en el sur de Florida.<\/p>\n<h3>15. Museo de los Ni\u00f1os de Miami<\/h3>\n<p>Ubicado en Watson Island, el museo ofrece experiencias de aprendizaje interactivas y talleres apropiados para cada edad.<\/p>\n<h3>16. Peque\u00f1a Habana: Recorrido por la Calle Ocho<\/h3>\n<p>La Calle Ocho es el coraz\u00f3n de la cultura cubana. Aqu\u00ed puedes probar cafecitos y pastelitos y observar la vibrante cultura callejera, incluyendo juegos de domin\u00f3.<\/p>\n<h4>17. Distrito de muros y grafitis de Wynwood<\/h4>\n<p>Wynwood Walls es mundialmente conocido por sus murales y pinturas murales al aire libre. Puedes unirte a nuestros tours para descubrir el lado din\u00e1mico del arte callejero.<\/p>\n<h3>18. Distrito de Dise\u00f1o de Miami<\/h3>\n<p>El Distrito del Dise\u00f1o es conocido por sus tiendas de dise\u00f1o de lujo, arte contempor\u00e1neo y grandes esculturas. Aqu\u00ed se celebran numerosos eventos los fines de semana.<\/p>\n<h3>19. Coconut Grove<\/h3>\n<p>Coconut Grove es un excelente lugar para disfrutar de un almuerzo soleado, con su atm\u00f3sfera bohemia, calles arboladas y caf\u00e9s en la playa.<\/p>\n<h4>20. Brickell<\/h4>\n<p>Brickell es el centro financiero de Miami. Es famoso por sus rascacielos con fachadas de cristal, hoteles de lujo y bares en azoteas. Recomiendo pasarse por un bar en azotea de Brickell para ver c\u00f3mo se encienden las luces de la ciudad al atardecer. Las reservas para los bares en azoteas populares se agotan r\u00e1pido.<\/p>\n<h4>21. Lincoln Road<\/h4>\n<p>Lincoln Road es un paseo peatonal. Est\u00e1 repleta de boutiques de dise\u00f1adores, galer\u00edas y diversos caf\u00e9s. Los fines de semana, se instalan puestos de artesan\u00eda.<\/p>\n<h4>22. Espa\u00f1ola Way<\/h4>\n<p>Espa\u00f1ola Way es una encantadora calle de Miami Beach con calles adoquinadas y un ambiente mediterr\u00e1neo. Puedes pasarte por alguna de sus peque\u00f1as trattorias y bares de tapas por la noche.<\/p>\n<h4>23. Jard\u00edn Bot\u00e1nico Tropical Fairchild<\/h4>\n<p>Fairchild es un jard\u00edn bot\u00e1nico tropical de 83 acres en Coral Gables. Este jard\u00edn cuenta con extensas colecciones de palmeras y orqu\u00eddeas. Es un para\u00edso, especialmente para los amantes de la naturaleza.<\/p>\n<h4>24. El Parque Estatal Hist\u00f3rico Barnacle<\/h4>\n<p>The Barnacle en Coconut Grove es la casa de Ralph Middleton Munroe, construida en 1891. Esta casa hist\u00f3rica, con sus jardines junto al mar, es una hermosa parada para los amantes de la historia.<\/p>\n<h4>25. Parque Estatal del R\u00edo Oleta<\/h4>\n<p>Ubicado en North Miami Beach, este enorme parque est\u00e1 cubierto de manglares. Cuenta con senderos para bicicletas de monta\u00f1a, rutas para canoas y paddle surf, y zonas de p\u00edcnic.<\/p>\n<h4>26. Zool\u00f3gico de Miami<\/h4>\n<p>El Zool\u00f3gico de Miami es reconocido como el \u00fanico zool\u00f3gico subtropical del continente. Este zool\u00f3gico alberga miles de animales y cientos de especies.<\/p>\n<h4>27. Castillo de Coral<\/h4>\n<p>Las enormes esculturas y estructuras de piedra caliza construidas por \u00e9l solo Edward Leedskalnin son bastante fascinantes.<\/p>","protected":false},"excerpt":{"rendered":"<p>Miami presume de una incre\u00edble diversidad, desde cultura hasta naturaleza, desde playas hasta arquitectura. En el momento en que pones un pie en Miami, las playas, las palmeras [\u2026]<\/p>","protected":false},"author":1,"featured_media":1373,"parent":0,"menu_order":0,"comment_status":"closed","ping_status":"closed","template":"","meta":{"_acf_changed":false,"site-sidebar-layout":"no-sidebar","site-content-layout":"","ast-site-content-layout":"default","site-content-style":"default","site-sidebar-style":"default","ast-global-header-display":"","ast-banner-title-visibility":"","ast-main-header-display":"","ast-hfb-above-header-display":"","ast-hfb-below-header-display":"","ast-hfb-mobile-header-display":"","site-post-title":"","ast-breadcrumbs-content":"","ast-featured-img":"","footer-sml-layout":"","theme-transparent-header-meta":"default","adv-header-id-meta":"","stick-header-meta":"","header-above-stick-meta":"","header-main-stick-meta":"","header-below-stick-meta":"","astra-migrate-meta-layouts":"set","ast-page-background-enabled":"default","ast-page-background-meta":{"desktop":{"background-color":"var(--ast-global-color-4)","background-image":"","background-repeat":"repeat","background-position":"center center","background-size":"auto","background-attachment":"scroll","background-type":"","background-media":"","overlay-type":"","overlay-color":"","overlay-opacity":"","overlay-gradient":""},"tablet":{"background-color":"","background-image":"","background-repeat":"repeat","background-position":"center center","background-size":"auto","background-attachment":"scroll","background-type":"","background-media":"","overlay-type":"","overlay-color":"","overlay-opacity":"","overlay-gradient":""},"mobile":{"background-color":"","background-image":"","background-repeat":"repeat","background-position":"center center","background-size":"auto","background-attachment":"scroll","background-type":"","background-media":"","overlay-type":"","overlay-color":"","overlay-opacity":"","overlay-gradient":""}},"ast-content-background-meta":{"desktop":{"background-color":"var(--ast-global-color-5)","background-image":"","background-repeat":"repeat","background-position":"center center","background-size":"auto","background-attachment":"scroll","background-type":"","background-media":"","overlay-type":"","overlay-color":"","overlay-opacity":"","overlay-gradient":""},"tablet":{"background-color":"var(--ast-global-color-5)","background-image":"","background-repeat":"repeat","background-position":"center center","background-size":"auto","background-attachment":"scroll","background-type":"","background-media":"","overlay-type":"","overlay-color":"","overlay-opacity":"","overlay-gradient":""},"mobile":{"background-color":"var(--ast-global-color-5)","background-image":"","background-repeat":"repeat","background-position":"center center","background-size":"auto","background-attachment":"scroll","background-type":"","background-media":"","overlay-type":"","overlay-color":"","overlay-opacity":"","overlay-gradient":""}},"footnotes":""},"class_list":["post-1359","page","type-page","status-publish","has-post-thumbnail","hentry"],"acf":[],"_links":{"self":[{"href":"https:\/\/mia-airport.com\/es\/wp-json\/wp\/v2\/pages\/1359","targetHints":{"allow":["GET"]}}],"collection":[{"href":"https:\/\/mia-airport.com\/es\/wp-json\/wp\/v2\/pages"}],"about":[{"href":"https:\/\/mia-airport.com\/es\/wp-json\/wp\/v2\/types\/page"}],"author":[{"embeddable":true,"href":"https:\/\/mia-airport.com\/es\/wp-json\/wp\/v2\/users\/1"}],"replies":[{"embeddable":true,"href":"https:\/\/mia-airport.com\/es\/wp-json\/wp\/v2\/comments?post=1359"}],"version-history":[{"count":0,"href":"https:\/\/mia-airport.com\/es\/wp-json\/wp\/v2\/pages\/1359\/revisions"}],"wp:featuredmedia":[{"embeddable":true,"href":"https:\/\/mia-airport.com\/es\/wp-json\/wp\/v2\/media\/1373"}],"wp:attachment":[{"href":"https:\/\/mia-airport.com\/es\/wp-json\/wp\/v2\/media?parent=1359"}],"curies":[{"name":"wp","href":"https:\/\/api.w.org\/{rel}","templated":true}]}}