{"id":1016,"date":"2025-05-04T21:36:01","date_gmt":"2025-05-04T21:36:01","guid":{"rendered":"https:\/\/mia-airport.com\/?page_id=1016"},"modified":"2026-01-06T07:08:25","modified_gmt":"2026-01-06T11:08:25","slug":"perdue-retrouvee","status":"publish","type":"page","link":"https:\/\/mia-airport.com\/fr\/perdue-retrouvee\/","title":{"rendered":"Objets trouv\u00e9s \u2013 A\u00e9roport de Miami"},"content":{"rendered":"<p>L'a\u00e9roport de Miami offre un service efficace et convivial de bureau des objets trouv\u00e9s au cas o\u00f9 les passagers perdraient leurs effets personnels. Pour les objets perdus dans ou autour du terminal, veuillez contacter le bureau des objets trouv\u00e9s situ\u00e9 au 4\u00e8me \u00e9tage du terminal nord D. Le bureau est ouvert 7 jours sur 7 de 08h00 \u00e0 18h00.<\/p>\n<h3>P\u00e9riode de stockage et fonctionnement<\/h3>\n<p>Tous les \u00e9l\u00e9ments trouv\u00e9s dans le <a href=\"https:\/\/mia-airport.com\/fr\/terminal\/\">terminal<\/a>, <a href=\"https:\/\/mia-airport.com\/fr\/stationnement\/\">parking<\/a>Les objets, les aires de service ou les navettes du personnel sont entrepos\u00e9s en toute s\u00e9curit\u00e9 pendant 30 jours. Les objets sp\u00e9ciaux, comme les bijoux pr\u00e9cieux, sont prot\u00e9g\u00e9s pendant 60 jours. Les objets dont le propri\u00e9taire est injoignable \u00e0 l&#039;issue de cette p\u00e9riode sont donn\u00e9s \u00e0 des associations caritatives comme Goodwill.<\/p>\n<h3>Processus de demande et de livraison<\/h3>\n<p>Si vous avez perdu un objet, vous pouvez faire une demande en ligne en remplissant le formulaire de d\u00e9claration d'objet perdu. Si votre objet est retrouv\u00e9, vous pouvez le r\u00e9cup\u00e9rer au bureau des objets trouv\u00e9s, muni de votre pi\u00e8ce d'identit\u00e9 et de votre num\u00e9ro de demande, ou demander \u00e0 ce qu'il soit exp\u00e9di\u00e9 par fret. Les frais d'exp\u00e9dition et de douane \u00e9ventuels sont \u00e0 la charge du passager.<\/p>\n<h3>Objets perdus \u00e0 bord d'un avion ou dans un centre de location de voitures<\/h3>\n<p>Si vous avez laiss\u00e9 votre objet dans un avion, vous devez contacter directement la compagnie a\u00e9rienne. Pour les objets perdus dans un centre de location de voitures, vous pouvez appeler le +1 888-761-8227.<\/p>\n<p>Le bureau des objets trouv\u00e9s du MIA traite chaque ann\u00e9e des dizaines de milliers de cas d'objets trouv\u00e9s. En 2023, le bureau a enregistr\u00e9 plus de 36 800 cas d'objets perdus. Ce volume t\u00e9moigne de l'exhaustivit\u00e9 et de l'efficacit\u00e9 du service fourni par le bureau.<\/p>\n<p>Si vous avez perdu un objet \u00e0 l'a\u00e9roport de Miami, une action rapide et efficace en contactant le bureau des objets trouv\u00e9s augmentera les chances de le retrouver.<\/p>","protected":false},"excerpt":{"rendered":"<p>Miami Airport offers an efficient and user-friendly Lost Property Office service in case passengers lose their belongings. For items lost [&hellip;]<\/p>","protected":false},"author":1,"featured_media":0,"parent":0,"menu_order":0,"comment_status":"closed","ping_status":"closed","template":"","meta":{"_acf_changed":false,"site-sidebar-layout":"no-sidebar","site-content-layout":"","ast-site-content-layout":"default","site-content-style":"default","site-sidebar-style":"default","ast-global-header-display":"","ast-banner-title-visibility":"","ast-main-header-display":"","ast-hfb-above-header-display":"","ast-hfb-below-header-display":"","ast-hfb-mobile-header-display":"","site-post-title":"","ast-breadcrumbs-content":"","ast-featured-img":"","footer-sml-layout":"","theme-transparent-header-meta":"default","adv-header-id-meta":"","stick-header-meta":"","header-above-stick-meta":"","header-main-stick-meta":"","header-below-stick-meta":"","astra-migrate-meta-layouts":"set","ast-page-background-enabled":"default","ast-page-background-meta":{"desktop":{"background-color":"var(--ast-global-color-4)","background-image":"","background-repeat":"repeat","background-position":"center center","background-size":"auto","background-attachment":"scroll","background-type":"","background-media":"","overlay-type":"","overlay-color":"","overlay-opacity":"","overlay-gradient":""},"tablet":{"background-color":"","background-image":"","background-repeat":"repeat","background-position":"center center","background-size":"auto","background-attachment":"scroll","background-type":"","background-media":"","overlay-type":"","overlay-color":"","overlay-opacity":"","overlay-gradient":""},"mobile":{"background-color":"","background-image":"","background-repeat":"repeat","background-position":"center center","background-size":"auto","background-attachment":"scroll","background-type":"","background-media":"","overlay-type":"","overlay-color":"","overlay-opacity":"","overlay-gradient":""}},"ast-content-background-meta":{"desktop":{"background-color":"var(--ast-global-color-5)","background-image":"","background-repeat":"repeat","background-position":"center center","background-size":"auto","background-attachment":"scroll","background-type":"","background-media":"","overlay-type":"","overlay-color":"","overlay-opacity":"","overlay-gradient":""},"tablet":{"background-color":"var(--ast-global-color-5)","background-image":"","background-repeat":"repeat","background-position":"center center","background-size":"auto","background-attachment":"scroll","background-type":"","background-media":"","overlay-type":"","overlay-color":"","overlay-opacity":"","overlay-gradient":""},"mobile":{"background-color":"var(--ast-global-color-5)","background-image":"","background-repeat":"repeat","background-position":"center center","background-size":"auto","background-attachment":"scroll","background-type":"","background-media":"","overlay-type":"","overlay-color":"","overlay-opacity":"","overlay-gradient":""}},"footnotes":""},"class_list":["post-1016","page","type-page","status-publish","hentry"],"acf":[],"_links":{"self":[{"href":"https:\/\/mia-airport.com\/fr\/wp-json\/wp\/v2\/pages\/1016","targetHints":{"allow":["GET"]}}],"collection":[{"href":"https:\/\/mia-airport.com\/fr\/wp-json\/wp\/v2\/pages"}],"about":[{"href":"https:\/\/mia-airport.com\/fr\/wp-json\/wp\/v2\/types\/page"}],"author":[{"embeddable":true,"href":"https:\/\/mia-airport.com\/fr\/wp-json\/wp\/v2\/users\/1"}],"replies":[{"embeddable":true,"href":"https:\/\/mia-airport.com\/fr\/wp-json\/wp\/v2\/comments?post=1016"}],"version-history":[{"count":0,"href":"https:\/\/mia-airport.com\/fr\/wp-json\/wp\/v2\/pages\/1016\/revisions"}],"wp:attachment":[{"href":"https:\/\/mia-airport.com\/fr\/wp-json\/wp\/v2\/media?parent=1016"}],"curies":[{"name":"wp","href":"https:\/\/api.w.org\/{rel}","templated":true}]}}