{"id":1019,"date":"2025-05-04T21:39:44","date_gmt":"2025-05-04T21:39:44","guid":{"rendered":"https:\/\/mia-airport.com\/?page_id=1019"},"modified":"2026-01-02T08:15:08","modified_gmt":"2026-01-02T12:15:08","slug":"alimentation-boisson","status":"publish","type":"page","link":"https:\/\/mia-airport.com\/fr\/alimentation-boisson\/","title":{"rendered":"Restauration \u00e0 l&#039;a\u00e9roport de Miami, restauration rapide et saveurs internationales"},"content":{"rendered":"<p>L'a\u00e9roport international de Miami offre \u00e0 ses passagers un large \u00e9ventail de possibilit\u00e9s de restauration. Il y a des restaurants et des caf\u00e9s dans chaque terminal o\u00f9 l'on peut trouver des saveurs de diff\u00e9rentes cuisines.<\/p>\n<h2>Restauration rapide et d\u00e9contract\u00e9e<\/h2>\n<p><strong>Burger King<\/strong>: Il propose des hamburgers classiques, des frites et des options de restauration rapide. Il y a plusieurs sites \u00e0 l'a\u00e9roport (Terminal D, portes D12 et D24 ; Terminal E, porte E21 ; Terminal F, porte F70 ; Terminal G, porte G16).<\/p>\n<p><strong>McDonald's<\/strong>: La c\u00e9l\u00e8bre cha\u00eene de hamburgers propose une vari\u00e9t\u00e9 d'options du petit-d\u00e9jeuner au d\u00eener. Situ\u00e9 au Terminal D, Porte D16 ; Terminal E, Porte E21 ; Terminal G, Porte G16.<\/p>\n<p><strong>Wendy's<\/strong>: Une autre cha\u00eene de restauration rapide populaire connue pour ses hamburgers carr\u00e9s et ses desserts Frosty. Situ\u00e9 au terminal D, porte D47.<\/p>\n<p><strong>Carl's Jr \/ Burrito vert<\/strong>: Vous pouvez trouver les hamburgers de Carl's Jr. et la nourriture mexicaine de Green Burrito dans ce lieu combin\u00e9. Terminal D, porte D51.<\/p>\n<p><strong>Pizza Hut Express<\/strong>: Id\u00e9al pour une pizza ou des p\u00e2tes rapides. Terminal D, porte D24.<\/p>\n<p><strong>Nathan's Famous<\/strong>: Un endroit o\u00f9 vous pouvez vous arr\u00eater pour d\u00e9guster leurs c\u00e9l\u00e8bres hot-dogs et frites. Terminal D, porte D14.<\/p>\n<p><strong>M\u00e9tro<\/strong>: Un endroit o\u00f9 vous pouvez cr\u00e9er vos propres sandwichs ou d\u00e9guster des salades. Terminal D, porte D16.<\/p>\n<p><strong>TGI Fridays<\/strong>:Si vous souhaitez vous asseoir et manger dans une ambiance plus d\u00e9contract\u00e9e, TGI Fridays propose une cuisine am\u00e9ricaine classique et des options de bar. Terminal D, porte D51. Apr\u00e8s le d\u00eener, d\u00e9tendez-vous au <a class=\"\" href=\"https:\/\/mia-airport.com\/fr\/salon\/\" target=\"_new\" rel=\"noopener\" data-start=\"1705\" data-end=\"1761\">Salons de l&#039;a\u00e9roport de Miami<\/a>.<\/p>\n<h3>Cuisine cubaine et latino-am\u00e9ricaine<\/h3>\n<p><strong>Caf\u00e9 Versailles<\/strong>: La succursale de l'a\u00e9roport du l\u00e9gendaire restaurant cubain de Miami, le Cafe Versailles. Il est c\u00e9l\u00e8bre pour ses sandwichs cubains, son caf\u00e9 et ses p\u00e2tisseries. Terminal D, porte D15.<\/p>\n<p><strong>La Carreta<\/strong>: Si vous recherchez des saveurs similaires \u00e0 celles du Caf\u00e9 Versailles, vous pouvez \u00e9galement essayer cet endroit. Terminal D, porte D40.<\/p>\n<p><strong>Bacardi Mojito Bar<\/strong>: Un endroit id\u00e9al pour les cocktails cubains, en particulier les Mojitos. Il sert \u00e9galement des plats latino-am\u00e9ricains. Situ\u00e9 au Terminal D, Porte D36 ; Terminal E, Porte E3 ; Terminal J, Porte J7.<\/p>\n<p><strong>Corona Beach House<\/strong>: Un bar sur le th\u00e8me de la plage qui sert de la nourriture mexicaine et des fruits de mer. Situ\u00e9 au Terminal D, Porte D23 ; Terminal E, Porte E31.<\/p>\n<p><strong>Jose Cuervo Tequileria<\/strong>: Un bar id\u00e9al pour les amateurs de tequila. Il propose \u00e9galement des snacks mexicains. Situ\u00e9 au terminal D, porte D17.<\/p>\n<p><strong>Estrella Jalisco Bar<\/strong>: Un bar servant de la bi\u00e8re Estrella Jalisco et des snacks mexicains. Terminal D, porte D38. Les commerces \u00e0 proximit\u00e9 sont list\u00e9s \u00e0 <a class=\"\" href=\"https:\/\/mia-airport.com\/fr\/achats\/\" target=\"_new\" rel=\"noopener\" data-start=\"2683\" data-end=\"2742\">Shopping \u00e0 l&#039;a\u00e9roport de Miami<\/a>.<\/p>\n<h3>Caf\u00e9 et collations<\/h3>\n<p><strong>Caf\u00e9 cubain Versailles<\/strong>: La version rapide du Caf\u00e9 Versailles. Id\u00e9al pour le caf\u00e9 cubain et les p\u00e2tisseries. Situ\u00e9 au Terminal D, Porte D45 ; Terminal F, Porte F5.<\/p>\n<p><strong>Le kiosque \u00e0 journaux de CNN<\/strong>: Un caf\u00e9 servant du caf\u00e9, des sandwichs et des snacks. Situ\u00e9 au terminal D, porte D12.<\/p>\n<p><strong>Einstein Bros. Bagels<\/strong>: Un endroit o\u00f9 l'on peut s'arr\u00eater pour manger des bagels, des sandwichs de petit-d\u00e9jeuner et du caf\u00e9. Terminal D, porte D21.<\/p>\n<p><strong>Viena<\/strong>: Un caf\u00e9 proposant des viennoiseries, du caf\u00e9 et des sandwichs. Terminal D, porte D33. Pour plus d&#039;informations et de services, consultez la page <a class=\"\" href=\"https:\/\/mia-airport.com\/fr\/passenger-info\/\" target=\"_new\" rel=\"noopener\" data-start=\"3285\" data-end=\"3342\">Informations passagers<\/a>.<\/p>\n<h4>Bars et salons<\/h4>\n<p><strong>Bar Samuel Adams<\/strong>: Un bar servant des bi\u00e8res Samuel Adams et des plats de style pub. Terminal D, porte D29.<\/p>\n<p><strong>Chef Cr\u00e9ole<\/strong>: Un restaurant qui sert une cuisine carib\u00e9enne, en particulier des plats cr\u00e9oles. Terminal D, porte D25.<\/p>\n<p><strong>Comte de Sandwich<\/strong>: Un endroit qui sert des sandwichs chauds, des salades et des plats pour le petit-d\u00e9jeuner. Situ\u00e9 au Terminal D, Porte D16 ; Terminal J, Porte J5.<\/p>\n<p><strong>March\u00e9 de la r\u00e9colte<\/strong>: Un restaurant proposant des aliments sains, des salades et des sandwiches. Situ\u00e9 au terminal D, porte D31.<\/p>\n<p><strong>Caf\u00e9 Icebox<\/strong>: Un caf\u00e9 particuli\u00e8rement r\u00e9put\u00e9 pour ses desserts. Il propose \u00e9galement des sandwichs, des salades et des plats principaux. Terminal D, porte D8.<\/p>\n<p><strong>Attraper et voler<\/strong>: Bien qu'il s'agisse en fait d'un march\u00e9\/buffet, les lieux \"Grab &amp; Fly\" peuvent \u00e9galement r\u00e9pondre \u00e0 vos besoins en mati\u00e8re de restauration rapide en proposant des sandwichs, des en-cas et des boissons pr\u00eats \u00e0 l'emploi. Terminaux D, E, F, G, J.<\/p>\n<p>Les heures d'ouverture des lieux peuvent varier. En particulier si vous voyagez t\u00f4t le matin ou tard le soir, vous devez v\u00e9rifier si l'endroit o\u00f9 vous souhaitez vous rendre est ouvert ou non.<\/p>","protected":false},"excerpt":{"rendered":"<p>Miami International Airport offers its passengers a wide range of dining and beverage options. There are restaurants and cafes in [&hellip;]<\/p>","protected":false},"author":1,"featured_media":0,"parent":0,"menu_order":0,"comment_status":"closed","ping_status":"closed","template":"","meta":{"_acf_changed":false,"site-sidebar-layout":"no-sidebar","site-content-layout":"","ast-site-content-layout":"default","site-content-style":"default","site-sidebar-style":"default","ast-global-header-display":"","ast-banner-title-visibility":"","ast-main-header-display":"","ast-hfb-above-header-display":"","ast-hfb-below-header-display":"","ast-hfb-mobile-header-display":"","site-post-title":"","ast-breadcrumbs-content":"","ast-featured-img":"","footer-sml-layout":"","theme-transparent-header-meta":"default","adv-header-id-meta":"","stick-header-meta":"","header-above-stick-meta":"","header-main-stick-meta":"","header-below-stick-meta":"","astra-migrate-meta-layouts":"set","ast-page-background-enabled":"default","ast-page-background-meta":{"desktop":{"background-color":"var(--ast-global-color-4)","background-image":"","background-repeat":"repeat","background-position":"center center","background-size":"auto","background-attachment":"scroll","background-type":"","background-media":"","overlay-type":"","overlay-color":"","overlay-opacity":"","overlay-gradient":""},"tablet":{"background-color":"","background-image":"","background-repeat":"repeat","background-position":"center center","background-size":"auto","background-attachment":"scroll","background-type":"","background-media":"","overlay-type":"","overlay-color":"","overlay-opacity":"","overlay-gradient":""},"mobile":{"background-color":"","background-image":"","background-repeat":"repeat","background-position":"center center","background-size":"auto","background-attachment":"scroll","background-type":"","background-media":"","overlay-type":"","overlay-color":"","overlay-opacity":"","overlay-gradient":""}},"ast-content-background-meta":{"desktop":{"background-color":"var(--ast-global-color-5)","background-image":"","background-repeat":"repeat","background-position":"center center","background-size":"auto","background-attachment":"scroll","background-type":"","background-media":"","overlay-type":"","overlay-color":"","overlay-opacity":"","overlay-gradient":""},"tablet":{"background-color":"var(--ast-global-color-5)","background-image":"","background-repeat":"repeat","background-position":"center center","background-size":"auto","background-attachment":"scroll","background-type":"","background-media":"","overlay-type":"","overlay-color":"","overlay-opacity":"","overlay-gradient":""},"mobile":{"background-color":"var(--ast-global-color-5)","background-image":"","background-repeat":"repeat","background-position":"center center","background-size":"auto","background-attachment":"scroll","background-type":"","background-media":"","overlay-type":"","overlay-color":"","overlay-opacity":"","overlay-gradient":""}},"footnotes":""},"class_list":["post-1019","page","type-page","status-publish","hentry"],"acf":[],"_links":{"self":[{"href":"https:\/\/mia-airport.com\/fr\/wp-json\/wp\/v2\/pages\/1019","targetHints":{"allow":["GET"]}}],"collection":[{"href":"https:\/\/mia-airport.com\/fr\/wp-json\/wp\/v2\/pages"}],"about":[{"href":"https:\/\/mia-airport.com\/fr\/wp-json\/wp\/v2\/types\/page"}],"author":[{"embeddable":true,"href":"https:\/\/mia-airport.com\/fr\/wp-json\/wp\/v2\/users\/1"}],"replies":[{"embeddable":true,"href":"https:\/\/mia-airport.com\/fr\/wp-json\/wp\/v2\/comments?post=1019"}],"version-history":[{"count":0,"href":"https:\/\/mia-airport.com\/fr\/wp-json\/wp\/v2\/pages\/1019\/revisions"}],"wp:attachment":[{"href":"https:\/\/mia-airport.com\/fr\/wp-json\/wp\/v2\/media?parent=1019"}],"curies":[{"name":"wp","href":"https:\/\/api.w.org\/{rel}","templated":true}]}}