{"id":1031,"date":"2025-05-04T21:48:12","date_gmt":"2025-05-04T21:48:12","guid":{"rendered":"https:\/\/mia-airport.com\/?page_id=1031"},"modified":"2026-01-02T08:21:51","modified_gmt":"2026-01-02T12:21:51","slug":"auditorium","status":"publish","type":"page","link":"https:\/\/mia-airport.com\/fr\/auditorium\/","title":{"rendered":"Guide des salles de conf\u00e9rence et des auditoriums de l'a\u00e9roport de Miami"},"content":{"rendered":"<p>L'a\u00e9roport international de Miami ne se contente pas d'offrir \u00e0 ses passagers une exp\u00e9rience de vol, il propose \u00e9galement de nombreuses installations pour r\u00e9pondre \u00e0 leurs besoins en mati\u00e8re d'affaires et d'\u00e9v\u00e9nements. L'une de ces installations est constitu\u00e9e par les deux salles de conf\u00e9rence modernes et polyvalentes situ\u00e9es dans le terminal.<\/p>\n<h2>Les salles de conf\u00e9rence de l'a\u00e9roport international de Miami sont strat\u00e9giquement situ\u00e9es \u00e0 proximit\u00e9 des passagers et des visiteurs.<\/h2>\n<p><strong>Terminal Nord (D), 4\u00e8me \u00e9tage<\/strong>: Cette salle est situ\u00e9e au niveau sup\u00e9rieur du terminal. Cette salle de r\u00e9union dispose d'un grand espace.<\/p>\n<p><strong>Terminal Sud (J), 3\u00e8me \u00e9tage<\/strong>:Cette salle de r\u00e9union peut accueillir divers \u00e9v\u00e9nements et dispose d&#039;un grand espace. \u00c0 proximit\u00e9 <a class=\"\" href=\"https:\/\/mia-airport.com\/fr\/salon\/\" target=\"_new\" rel=\"noopener\" data-start=\"1148\" data-end=\"1190\">salons<\/a> sont disponibles pour les voyageurs d&#039;affaires.<\/p>\n<p>Les deux salles sont \u00e9quip\u00e9es de syst\u00e8mes audio et vid\u00e9o modernes. Les salles de conf\u00e9rence peuvent \u00eatre utilis\u00e9es pour des r\u00e9unions, des s\u00e9minaires et d'autres \u00e9v\u00e9nements. Il est n\u00e9cessaire de faire une r\u00e9servation \u00e0 l'avance pour utiliser les salles de conf\u00e9rence.<\/p>\n<p>Vous pouvez acc\u00e9der aux salles de conf\u00e9rence depuis les points d'information \u00e0 l'int\u00e9rieur du terminal ou en utilisant les plans de l'a\u00e9roport. Pour r\u00e9server les salles, vous devez contacter le site officiel de MIA. Les personnes souhaitant organiser un \u00e9v\u00e9nement peuvent s'adresser directement \u00e0 la direction de l'a\u00e9roport pour obtenir des informations sur la disponibilit\u00e9 des salles et d'autres d\u00e9tails.<\/p>","protected":false},"excerpt":{"rendered":"<p>Miami International Airport not only offers its passengers a flying experience, but also provides extensive facilities to meet their business [&hellip;]<\/p>","protected":false},"author":1,"featured_media":0,"parent":0,"menu_order":0,"comment_status":"closed","ping_status":"closed","template":"","meta":{"_acf_changed":false,"site-sidebar-layout":"no-sidebar","site-content-layout":"","ast-site-content-layout":"default","site-content-style":"default","site-sidebar-style":"default","ast-global-header-display":"","ast-banner-title-visibility":"","ast-main-header-display":"","ast-hfb-above-header-display":"","ast-hfb-below-header-display":"","ast-hfb-mobile-header-display":"","site-post-title":"","ast-breadcrumbs-content":"","ast-featured-img":"","footer-sml-layout":"","theme-transparent-header-meta":"default","adv-header-id-meta":"","stick-header-meta":"","header-above-stick-meta":"","header-main-stick-meta":"","header-below-stick-meta":"","astra-migrate-meta-layouts":"set","ast-page-background-enabled":"default","ast-page-background-meta":{"desktop":{"background-color":"var(--ast-global-color-4)","background-image":"","background-repeat":"repeat","background-position":"center center","background-size":"auto","background-attachment":"scroll","background-type":"","background-media":"","overlay-type":"","overlay-color":"","overlay-opacity":"","overlay-gradient":""},"tablet":{"background-color":"","background-image":"","background-repeat":"repeat","background-position":"center center","background-size":"auto","background-attachment":"scroll","background-type":"","background-media":"","overlay-type":"","overlay-color":"","overlay-opacity":"","overlay-gradient":""},"mobile":{"background-color":"","background-image":"","background-repeat":"repeat","background-position":"center center","background-size":"auto","background-attachment":"scroll","background-type":"","background-media":"","overlay-type":"","overlay-color":"","overlay-opacity":"","overlay-gradient":""}},"ast-content-background-meta":{"desktop":{"background-color":"var(--ast-global-color-5)","background-image":"","background-repeat":"repeat","background-position":"center center","background-size":"auto","background-attachment":"scroll","background-type":"","background-media":"","overlay-type":"","overlay-color":"","overlay-opacity":"","overlay-gradient":""},"tablet":{"background-color":"var(--ast-global-color-5)","background-image":"","background-repeat":"repeat","background-position":"center center","background-size":"auto","background-attachment":"scroll","background-type":"","background-media":"","overlay-type":"","overlay-color":"","overlay-opacity":"","overlay-gradient":""},"mobile":{"background-color":"var(--ast-global-color-5)","background-image":"","background-repeat":"repeat","background-position":"center center","background-size":"auto","background-attachment":"scroll","background-type":"","background-media":"","overlay-type":"","overlay-color":"","overlay-opacity":"","overlay-gradient":""}},"footnotes":""},"class_list":["post-1031","page","type-page","status-publish","hentry"],"acf":[],"_links":{"self":[{"href":"https:\/\/mia-airport.com\/fr\/wp-json\/wp\/v2\/pages\/1031","targetHints":{"allow":["GET"]}}],"collection":[{"href":"https:\/\/mia-airport.com\/fr\/wp-json\/wp\/v2\/pages"}],"about":[{"href":"https:\/\/mia-airport.com\/fr\/wp-json\/wp\/v2\/types\/page"}],"author":[{"embeddable":true,"href":"https:\/\/mia-airport.com\/fr\/wp-json\/wp\/v2\/users\/1"}],"replies":[{"embeddable":true,"href":"https:\/\/mia-airport.com\/fr\/wp-json\/wp\/v2\/comments?post=1031"}],"version-history":[{"count":0,"href":"https:\/\/mia-airport.com\/fr\/wp-json\/wp\/v2\/pages\/1031\/revisions"}],"wp:attachment":[{"href":"https:\/\/mia-airport.com\/fr\/wp-json\/wp\/v2\/media?parent=1031"}],"curies":[{"name":"wp","href":"https:\/\/api.w.org\/{rel}","templated":true}]}}