{"id":1050,"date":"2025-05-05T10:05:05","date_gmt":"2025-05-05T10:05:05","guid":{"rendered":"https:\/\/mia-airport.com\/?page_id=1050"},"modified":"2026-01-06T06:59:52","modified_gmt":"2026-01-06T10:59:52","slug":"salon","status":"publish","type":"page","link":"https:\/\/mia-airport.com\/fr\/salon\/","title":{"rendered":"Salons, acc\u00e8s et commodit\u00e9s de l&#039;a\u00e9roport de Miami"},"content":{"rendered":"<p>L&#039;a\u00e9roport international de Miami (MIA) dispose de 9 salons r\u00e9partis dans ses terminaux. Ils offrent aux passagers des si\u00e8ges, des douches, de la nourriture et des boissons gratuites, des t\u00e9l\u00e9viseurs, des livres, des salles de r\u00e9union, des aires de jeux pour enfants et des espaces de d\u00e9tente. Les salons sont g\u00e9n\u00e9ralement ouverts de 5h30 \u00e0 23h00, permettant aux passagers d&#039;y acc\u00e9der jusqu&#039;\u00e0 3 heures avant le d\u00e9part. L&#039;acc\u00e8s est gratuit pour les voyageurs en classe affaires et en premi\u00e8re classe, ainsi que pour les d\u00e9tenteurs d&#039;une carte de fid\u00e9lit\u00e9. Les pass journaliers sont disponibles \u00e0 partir de $50 (47 \u20ac), tandis que les abonnements annuels peuvent atteindre $695 (650 \u20ac).<\/p>\n<h2>Salons du terminal nord (hall D)<\/h2>\n<h3>American Airlines Flagship Lounge (en face de la porte D30)<\/h3>\n<p><a href=\"https:\/\/sovrn.co\/t8yg12j\" rel=\"nofollow noopener\" target=\"_blank\"><img decoding=\"async\" class=\"aligncenter wp-image-1121 size-full\" src=\"https:\/\/mia-airport.com\/wp-content\/uploads\/miami-fl-airport-north-terminal-concourse-d-and-e-lounge.webp\" alt=\"\" width=\"1369\" height=\"488\" title=\"\" srcset=\"https:\/\/mia-airport.com\/wp-content\/uploads\/miami-fl-airport-north-terminal-concourse-d-and-e-lounge.webp 1369w, https:\/\/mia-airport.com\/wp-content\/uploads\/miami-fl-airport-north-terminal-concourse-d-and-e-lounge-768x274.webp 768w, https:\/\/mia-airport.com\/wp-content\/uploads\/miami-fl-airport-north-terminal-concourse-d-and-e-lounge-18x6.webp 18w\" sizes=\"(max-width: 1369px) 100vw, 1369px\" \/><\/a><\/p>\n<!-- No shortcodes are defined -->\n<p>Ce salon propose une cuisine pr\u00e9par\u00e9e par un chef priv\u00e9, un service personnalis\u00e9, un bar \u00e0 cocktails, une s\u00e9lection de vins de qualit\u00e9, des salles de douche et un acc\u00e8s Wi-Fi illimit\u00e9. Il est ouvert tous les jours de 5h30 \u00e0 22h30.<\/p>\n<h3>American Airlines Admirals Club (portes D15 et D30)<\/h3>\n<p>Disponible pour les membres de l'Admirals Club, les membres oneworld\u00ae Emerald\u2120 et Sapphire\u2120, et les passagers de Premi\u00e8re et de Classe Affaires voyageant sur American Airlines ou les compagnies a\u00e9riennes oneworld\u00ae le m\u00eame jour. Des laissez-passer quotidiens sont disponibles \u00e0 l'achat, sous r\u00e9serve de la capacit\u00e9 du salon. Le salon de la porte D15 est ouvert de 05h00 \u00e0 23h00 et celui de la porte D30 de 06h00 \u00e0 20h30.<\/p>\n<figure style=\"width: 1283px\" class=\"wp-caption aligncenter\"><a href=\"https:\/\/sovrn.co\/t8yg12j\" rel=\"nofollow noopener\" target=\"_blank\"><img decoding=\"async\" src=\"https:\/\/mia-airport.com\/wp-content\/uploads\/xpress-spa-terminal-d-and-e.webp\" alt=\"\" width=\"1283\" height=\"470\" title=\"\"><\/a><figcaption class=\"wp-caption-text\">salon spa express<\/figcaption><\/figure>\n<!-- No shortcodes are defined -->\n<h3>Le salon Centurion (pr\u00e8s de la porte D12)<\/h3>\n<p>Exclusivement r\u00e9serv\u00e9 aux titulaires des cartes American Express Platinum et Centurion, ce salon propose une cuisine gastronomique, un caf\u00e9 sp\u00e9cialis\u00e9 et un bar \u00e0 cocktails, des salles de douche et des si\u00e8ges confortables. Ouvert tous les jours de 05h00 \u00e0 22h00.<\/p>\n<h2>Salons de l'a\u00e9rogare centrale (hall E)<\/h2>\n<h2>Salon de Turkish Airlines<\/h2>\n<p>Situ\u00e9 dans le hall E, apr\u00e8s le contr\u00f4le de s\u00e9curit\u00e9, ce salon offre le Wi-Fi gratuit, la t\u00e9l\u00e9vision, la climatisation, le fax, des journaux et des magazines, une salle de pri\u00e8re, une salle pour les enfants, une douche, un acc\u00e8s pour les passagers handicap\u00e9s et des \u00e9crans de suivi des vols. Un buffet de rafra\u00eechissements chauds et froids ainsi que des boissons alcoolis\u00e9es et non alcoolis\u00e9es sont \u00e9galement disponibles. Il est ouvert tous les jours de 05h00 \u00e0 22h00.<\/p>\n<p><a href=\"https:\/\/sovrn.co\/7d5qfq1\" rel=\"nofollow noopener\" target=\"_blank\"><img decoding=\"async\" class=\"aligncenter wp-image-1120 size-full\" src=\"https:\/\/mia-airport.com\/wp-content\/uploads\/turkish-airlines-lounge-miami.webp\" alt=\"\" width=\"909\" height=\"638\" title=\"\" srcset=\"https:\/\/mia-airport.com\/wp-content\/uploads\/turkish-airlines-lounge-miami.webp 909w, https:\/\/mia-airport.com\/wp-content\/uploads\/turkish-airlines-lounge-miami-768x539.webp 768w, https:\/\/mia-airport.com\/wp-content\/uploads\/turkish-airlines-lounge-miami-18x12.webp 18w\" sizes=\"(max-width: 909px) 100vw, 909px\" \/><\/a><\/p>\n<!-- No shortcodes are defined -->\n<figure style=\"width: 1318px\" class=\"wp-caption aligncenter\"><a href=\"https:\/\/sovrn.co\/t8yg12j\" rel=\"nofollow noopener\" target=\"_blank\"><img decoding=\"async\" src=\"https:\/\/mia-airport.com\/wp-content\/uploads\/corona-beach-house-lounge.webp\" alt=\"\" width=\"1318\" height=\"455\" title=\"\"><\/a><figcaption class=\"wp-caption-text\">Corona Beach House<\/figcaption><\/figure>\n<!-- No shortcodes are defined -->\n<h3>Salon d'accueil militaire<\/h3>\n<p>Le personnel militaire en service actif et \u00e0 la retraite des \u00c9tats-Unis et des pays alli\u00e9s, ainsi que les membres autoris\u00e9s de leur famille, peuvent b\u00e9n\u00e9ficier de ce salon en pr\u00e9sentant une pi\u00e8ce d'identit\u00e9 militaire valide et un document de voyage valable le jour m\u00eame. Situ\u00e9 au deuxi\u00e8me \u00e9tage du hall E, le salon est ouvert du jeudi au lundi de 9h00 \u00e0 17h00.<\/p>\n<h2>Salons de l'a\u00e9rogare sud (halls H et J)<\/h2>\n<h3>Delta Sky Club (hall H)<\/h3>\n<p>Exclusivement r\u00e9serv\u00e9 aux passagers de Delta Air Lines, ce salon propose des si\u00e8ges confortables, un service de restauration, un acc\u00e8s Wi-Fi et d'autres services.<\/p>\n<h3>Salon VIP LATAM (hall J)<\/h3>\n<p>Con\u00e7u pour les passagers haut de gamme de LATAM Airlines, ce salon se distingue par son design et ses services modernes.<\/p>\n<p>Ces salons de l'a\u00e9roport de Miami offrent diff\u00e9rentes options en fonction des besoins des passagers pour se reposer, travailler ou passer un moment agr\u00e9able avant le vol. Les conditions d'entr\u00e9e, les heures de service et les \u00e9quipements propos\u00e9s peuvent varier en fonction du salon.<\/p>","protected":false},"excerpt":{"rendered":"<p>Miami International Airport (MIA) offers 9 lounges across its terminals, providing passengers with seating areas, showers, complimentary food and drinks, [&hellip;]<\/p>","protected":false},"author":1,"featured_media":1120,"parent":0,"menu_order":0,"comment_status":"closed","ping_status":"closed","template":"","meta":{"_acf_changed":false,"site-sidebar-layout":"no-sidebar","site-content-layout":"","ast-site-content-layout":"default","site-content-style":"default","site-sidebar-style":"default","ast-global-header-display":"","ast-banner-title-visibility":"","ast-main-header-display":"","ast-hfb-above-header-display":"","ast-hfb-below-header-display":"","ast-hfb-mobile-header-display":"","site-post-title":"","ast-breadcrumbs-content":"","ast-featured-img":"","footer-sml-layout":"","theme-transparent-header-meta":"default","adv-header-id-meta":"","stick-header-meta":"","header-above-stick-meta":"","header-main-stick-meta":"","header-below-stick-meta":"","astra-migrate-meta-layouts":"set","ast-page-background-enabled":"default","ast-page-background-meta":{"desktop":{"background-color":"var(--ast-global-color-4)","background-image":"","background-repeat":"repeat","background-position":"center center","background-size":"auto","background-attachment":"scroll","background-type":"","background-media":"","overlay-type":"","overlay-color":"","overlay-opacity":"","overlay-gradient":""},"tablet":{"background-color":"","background-image":"","background-repeat":"repeat","background-position":"center center","background-size":"auto","background-attachment":"scroll","background-type":"","background-media":"","overlay-type":"","overlay-color":"","overlay-opacity":"","overlay-gradient":""},"mobile":{"background-color":"","background-image":"","background-repeat":"repeat","background-position":"center center","background-size":"auto","background-attachment":"scroll","background-type":"","background-media":"","overlay-type":"","overlay-color":"","overlay-opacity":"","overlay-gradient":""}},"ast-content-background-meta":{"desktop":{"background-color":"var(--ast-global-color-5)","background-image":"","background-repeat":"repeat","background-position":"center center","background-size":"auto","background-attachment":"scroll","background-type":"","background-media":"","overlay-type":"","overlay-color":"","overlay-opacity":"","overlay-gradient":""},"tablet":{"background-color":"var(--ast-global-color-5)","background-image":"","background-repeat":"repeat","background-position":"center center","background-size":"auto","background-attachment":"scroll","background-type":"","background-media":"","overlay-type":"","overlay-color":"","overlay-opacity":"","overlay-gradient":""},"mobile":{"background-color":"var(--ast-global-color-5)","background-image":"","background-repeat":"repeat","background-position":"center center","background-size":"auto","background-attachment":"scroll","background-type":"","background-media":"","overlay-type":"","overlay-color":"","overlay-opacity":"","overlay-gradient":""}},"footnotes":""},"class_list":["post-1050","page","type-page","status-publish","has-post-thumbnail","hentry"],"acf":[],"_links":{"self":[{"href":"https:\/\/mia-airport.com\/fr\/wp-json\/wp\/v2\/pages\/1050","targetHints":{"allow":["GET"]}}],"collection":[{"href":"https:\/\/mia-airport.com\/fr\/wp-json\/wp\/v2\/pages"}],"about":[{"href":"https:\/\/mia-airport.com\/fr\/wp-json\/wp\/v2\/types\/page"}],"author":[{"embeddable":true,"href":"https:\/\/mia-airport.com\/fr\/wp-json\/wp\/v2\/users\/1"}],"replies":[{"embeddable":true,"href":"https:\/\/mia-airport.com\/fr\/wp-json\/wp\/v2\/comments?post=1050"}],"version-history":[{"count":0,"href":"https:\/\/mia-airport.com\/fr\/wp-json\/wp\/v2\/pages\/1050\/revisions"}],"wp:featuredmedia":[{"embeddable":true,"href":"https:\/\/mia-airport.com\/fr\/wp-json\/wp\/v2\/media\/1120"}],"wp:attachment":[{"href":"https:\/\/mia-airport.com\/fr\/wp-json\/wp\/v2\/media?parent=1050"}],"curies":[{"name":"wp","href":"https:\/\/api.w.org\/{rel}","templated":true}]}}