{"id":1173,"date":"2025-08-23T09:38:22","date_gmt":"2025-08-23T09:38:22","guid":{"rendered":"https:\/\/mia-airport.com\/?page_id=1173"},"modified":"2026-01-02T08:47:53","modified_gmt":"2026-01-02T12:47:53","slug":"buses","status":"publish","type":"page","link":"https:\/\/mia-airport.com\/fr\/buses\/","title":{"rendered":"Bus, itin\u00e9raires et horaires de l&#039;a\u00e9roport de Miami"},"content":{"rendered":"<p>Votre vol a atterri \u00e0 Miami, et d\u00e8s que vous aurez mis les pieds dans la douce brise et aper\u00e7u les palmiers, vous tomberez sous le charme de cette ville. Il est temps de rejoindre le c\u0153ur de la ville, peut-\u00eatre Miami Beach et ses senteurs marines. Il existe un moyen de voyager comme un local sans se ruiner et de vivre au rythme de la ville depuis l&#039;a\u00e9roport. Vous pouvez rejoindre les plages de Miami en bus depuis l&#039;a\u00e9roport. De plus, ce trajet est tr\u00e8s abordable.<\/p>\n<h2>Bus de l&#039;a\u00e9roport de Miami\u00a0: guide complet<\/h2>\n<p>L&#039;a\u00e9roport international de Miami est parfaitement int\u00e9gr\u00e9 au r\u00e9seau de transports en commun de la ville. De l\u00e0, vous pouvez facilement rejoindre non seulement la c\u00e9l\u00e8bre Miami Beach, mais aussi diff\u00e9rents quartiers de la ville et m\u00eame d&#039;autres villes. <a href=\"https:\/\/www.myflorida.gov\/\" rel=\"nofollow noopener\" target=\"_blank\">Floride<\/a>.<\/p>\n<p>Aux alentours de l&#039;a\u00e9roport de Miami, les lignes locales de Metrobus, Metrorail et Tri-Rail, ainsi que des compagnies de bus longue distance, assurent le service. Les lignes locales desservent directement l&#039;a\u00e9roport international de Miami (MIA) ou la station de m\u00e9tro Miami Intermodal Center (MIC)\/MIA, elle-m\u00eame reli\u00e9e \u00e0 l&#039;a\u00e9roport. Les compagnies de bus longue distance proposent des liaisons vers d&#039;autres destinations. <a href=\"https:\/\/www.greyhound.com\/bus\/miami-fl\" rel=\"nofollow noopener\" target=\"_blank\">Levrette<\/a>, <a href=\"https:\/\/www.flixbus.com\/bus\/miami-fl\/miami-international-airport\" rel=\"nofollow noopener\" target=\"_blank\">FlixBus<\/a>, <a href=\"https:\/\/www.redcoachusa.com\/destination\/miami\/\" rel=\"nofollow noopener\" target=\"_blank\">RedCoach<\/a>, et <a href=\"https:\/\/us.megabus.com\/city-guides\/miami\" target=\"_blank\" rel=\"nofollow noopener\">Megabus<\/a> D\u00e9part du terminal \u00e0 l&#039;int\u00e9rieur du MIC.<\/p>\n<h2>Les destinations accessibles en bus depuis l&#039;a\u00e9roport de Miami :<\/h2>\n<p>Prenez le bus depuis l&#039;a\u00e9roport de Miami pour rejoindre Miami Beach, le centre-ville, Coconut Grove et Coral Gables. Empruntez les bus interurbains pour Fort Lauderdale, Orlando ou Key West. La ligne 150, l&#039;Airport Flyer, relie l&#039;a\u00e9roport \u00e0 South Beach en 50 minutes pour $2,65, avec des arr\u00eats \u00e0 Lincoln Road et Collins Avenue. Les bus circulent toutes les 30 minutes de 5h00 \u00e0 23h00 et le paiement peut se faire en esp\u00e8ces. <a href=\"https:\/\/www.miamidade.gov\/global\/service.page?Mduid_service=ser1519766209086486\" target=\"_blank\" rel=\"nofollow noopener\">Carte EASY<\/a>, ou <a href=\"https:\/\/en.wikipedia.org\/wiki\/Easy_Card\" rel=\"nofollow noopener\" target=\"_blank\">Billet facile<\/a>.<\/p>\n<h4>Comment acheter des billets de bus pour les bus de l&#039;a\u00e9roport de Miami ?<\/h4>\n<p>Achetez vos billets de bus \u00e0 l&#039;a\u00e9roport de Miami en payant $2,25 en esp\u00e8ces \u00e0 bord (montant exact), en achetant une carte EASY $2 \u00e0 l&#039;a\u00e9roport ou \u00e0 la gare centrale, ou en utilisant le paiement sans contact avec une carte bancaire ou un portefeuille mobile. <a href=\"https:\/\/www.apple.com\/apple-pay\/\" target=\"_blank\" rel=\"nofollow noopener\">Apple Pay<\/a>Pour les longs trajets avec Greyhound, FlixBus ou RedCoach, achetez vos billets en ligne, via des applications ou aux guichets de la gare centrale de Miami.<\/p>\n<p>Voyagez de l&#039;a\u00e9roport de Miami \u00e0 <a href=\"https:\/\/www.orlando.gov\/Home\" rel=\"nofollow noopener\" target=\"_blank\">Orlando<\/a>, <a href=\"https:\/\/www.cityofkeywest-fl.gov\/\" rel=\"nofollow noopener\" target=\"_blank\">Key West<\/a>, ou <a href=\"https:\/\/www.fortlauderdale.gov\/\" rel=\"nofollow noopener\" target=\"_blank\">Fort Lauderdale<\/a> Des bus longue distance partent du Miami Intermodal Center, desservi par Greyhound et FlixBus. Achetez vos billets en ligne pour garantir vos places et b\u00e9n\u00e9ficier de meilleurs prix. Rejoignez l&#039;Intermodal Center en 5 \u00e0 10 minutes gr\u00e2ce au MIA Mover. Pour les trajets locaux, utilisez un EASY Ticket ou payez le montant exact en esp\u00e8ces. Pour les longs trajets, r\u00e9servez en ligne et consultez les tarifs. <a href=\"https:\/\/mia-airport.com\/fr\/reclamation-des-bagages\/\">bagages<\/a> r\u00e8gles.<\/p>\n<p>&nbsp;<\/p>","protected":false},"excerpt":{"rendered":"<p>Your flight has landed in Miami, and the moment you step out into the warm breeze and see the palm [&hellip;]<\/p>","protected":false},"author":1,"featured_media":0,"parent":0,"menu_order":0,"comment_status":"closed","ping_status":"closed","template":"","meta":{"_acf_changed":false,"site-sidebar-layout":"no-sidebar","site-content-layout":"","ast-site-content-layout":"default","site-content-style":"default","site-sidebar-style":"default","ast-global-header-display":"","ast-banner-title-visibility":"","ast-main-header-display":"","ast-hfb-above-header-display":"","ast-hfb-below-header-display":"","ast-hfb-mobile-header-display":"","site-post-title":"","ast-breadcrumbs-content":"","ast-featured-img":"","footer-sml-layout":"","theme-transparent-header-meta":"default","adv-header-id-meta":"","stick-header-meta":"","header-above-stick-meta":"","header-main-stick-meta":"","header-below-stick-meta":"","astra-migrate-meta-layouts":"set","ast-page-background-enabled":"default","ast-page-background-meta":{"desktop":{"background-color":"var(--ast-global-color-4)","background-image":"","background-repeat":"repeat","background-position":"center center","background-size":"auto","background-attachment":"scroll","background-type":"","background-media":"","overlay-type":"","overlay-color":"","overlay-opacity":"","overlay-gradient":""},"tablet":{"background-color":"","background-image":"","background-repeat":"repeat","background-position":"center center","background-size":"auto","background-attachment":"scroll","background-type":"","background-media":"","overlay-type":"","overlay-color":"","overlay-opacity":"","overlay-gradient":""},"mobile":{"background-color":"","background-image":"","background-repeat":"repeat","background-position":"center center","background-size":"auto","background-attachment":"scroll","background-type":"","background-media":"","overlay-type":"","overlay-color":"","overlay-opacity":"","overlay-gradient":""}},"ast-content-background-meta":{"desktop":{"background-color":"var(--ast-global-color-5)","background-image":"","background-repeat":"repeat","background-position":"center center","background-size":"auto","background-attachment":"scroll","background-type":"","background-media":"","overlay-type":"","overlay-color":"","overlay-opacity":"","overlay-gradient":""},"tablet":{"background-color":"var(--ast-global-color-5)","background-image":"","background-repeat":"repeat","background-position":"center center","background-size":"auto","background-attachment":"scroll","background-type":"","background-media":"","overlay-type":"","overlay-color":"","overlay-opacity":"","overlay-gradient":""},"mobile":{"background-color":"var(--ast-global-color-5)","background-image":"","background-repeat":"repeat","background-position":"center center","background-size":"auto","background-attachment":"scroll","background-type":"","background-media":"","overlay-type":"","overlay-color":"","overlay-opacity":"","overlay-gradient":""}},"footnotes":""},"class_list":["post-1173","page","type-page","status-publish","hentry"],"acf":[],"_links":{"self":[{"href":"https:\/\/mia-airport.com\/fr\/wp-json\/wp\/v2\/pages\/1173","targetHints":{"allow":["GET"]}}],"collection":[{"href":"https:\/\/mia-airport.com\/fr\/wp-json\/wp\/v2\/pages"}],"about":[{"href":"https:\/\/mia-airport.com\/fr\/wp-json\/wp\/v2\/types\/page"}],"author":[{"embeddable":true,"href":"https:\/\/mia-airport.com\/fr\/wp-json\/wp\/v2\/users\/1"}],"replies":[{"embeddable":true,"href":"https:\/\/mia-airport.com\/fr\/wp-json\/wp\/v2\/comments?post=1173"}],"version-history":[{"count":0,"href":"https:\/\/mia-airport.com\/fr\/wp-json\/wp\/v2\/pages\/1173\/revisions"}],"wp:attachment":[{"href":"https:\/\/mia-airport.com\/fr\/wp-json\/wp\/v2\/media?parent=1173"}],"curies":[{"name":"wp","href":"https:\/\/api.w.org\/{rel}","templated":true}]}}