{"id":643,"date":"2024-11-25T14:42:45","date_gmt":"2024-11-25T14:42:45","guid":{"rendered":"http:\/\/deneme.local\/?page_id=643"},"modified":"2025-12-29T18:18:38","modified_gmt":"2025-12-29T22:18:38","slug":"a-propos-de","status":"publish","type":"page","link":"https:\/\/mia-airport.com\/fr\/a-propos-de\/","title":{"rendered":"\u00c0 propos de nous"},"content":{"rendered":"<p>Bonjour, je m'appelle Ben.<\/p>\n<p>Je vis \u00e0 Miami, et l'id\u00e9e de ce site web est n\u00e9e d'un besoin que j'avais moi-m\u00eame. Un jour, j'ai eu besoin d'informations de base sur l'a\u00e9roport international de Miami, mais je n'ai pas pu trouver ce que je cherchais sur le site officiel, soit parce qu'il n'y \u00e9tait pas, soit parce qu'il \u00e9tait trop dispers\u00e9 et que je l'avais manqu\u00e9.<\/p>\n<p>C'est \u00e0 ce moment-l\u00e0 que j'ai r\u00e9alis\u00e9 qu'il n'existait pas de ressource simple, actualis\u00e9e et r\u00e9ellement utile sur ce sujet.<\/p>\n<p>J'ai d\u00e9cid\u00e9 de faire ce que je pouvais.<\/p>\n<p>J'ai travaill\u00e9 \u00e0 l'a\u00e9roport pendant 25 ans, assumant diverses fonctions allant des services aux passagers aux op\u00e9rations. Apr\u00e8s avoir pris ma retraite, j'ai voulu un endroit o\u00f9 partager toute l'exp\u00e9rience que j'avais accumul\u00e9e. C'est ainsi qu'est n\u00e9 mia-airport.com.<\/p>\n<p>Je suis d'origine hispanique. Le fait de pouvoir produire du contenu en anglais et en espagnol a permis \u00e0 cette page d'atteindre un public plus large. Bien s\u00fbr, je ne fais pas cela tout seul. Je dispose d'une \u00e9quipe petite mais solide. Un ami s'occupe de l'\u00e9dition du contenu, un autre fournit une aide \u00e0 la traduction et \u00e0 la r\u00e9vision linguistique. Tous les trois, nous travaillons ensemble pour cr\u00e9er une ressource fiable et simple.<\/p>\n<p>Notre objectif est de permettre \u00e0 tous ceux qui visitent ce site de trouver rapidement les informations dont ils ont besoin. Nous nous effor\u00e7ons de fournir des informations claires afin que vous puissiez voyager sans stress ni confusion.<\/p>\n<p>Je suis toujours ouvert aux commentaires. Si vous avez des questions ou si vous pensez qu'il manque quelque chose, vous pouvez me contacter \u00e0 l'adresse info@mia-airport.com.<\/p>\n<p>Je vous remercie de votre pr\u00e9sence. J'esp\u00e8re que ce site vous sera utile et nous vous reverrons bient\u00f4t.<br \/>\n<style id=\"wpforms-css-vars-1093\">\n\t\t\t\t#wpforms-1093 {\n\t\t\t\t\n\t\t\t}\n\t\t\t<\/style><div class=\"wpforms-container wpforms-container-full wpforms-render-modern\" id=\"wpforms-1093\"><form id=\"wpforms-form-1093\" class=\"wpforms-validate wpforms-form wpforms-ajax-form\" data-formid=\"1093\" method=\"post\" enctype=\"multipart\/form-data\" action=\"\/fr\/wp-json\/wp\/v2\/pages\/643\" data-token=\"f20b6ea88a6d29f5798644dbe1477d4f\" data-token-time=\"1778979705\" data-trp-original-action=\"\/fr\/wp-json\/wp\/v2\/pages\/643\"><noscript class=\"wpforms-error-noscript\">Veuillez activer JavaScript dans votre navigateur pour remplir ce formulaire.<\/noscript><div id=\"wpforms-error-noscript\" style=\"display: none;\">Veuillez activer JavaScript dans votre navigateur pour remplir ce formulaire.<\/div><div class=\"wpforms-field-container\"><div id=\"wpforms-1093-field_1-container\" class=\"wpforms-field wpforms-field-name\" data-field-id=\"1\"><fieldset><legend class=\"wpforms-field-label\">Nom <span class=\"wpforms-required-label\" aria-hidden=\"true\">*<\/span><\/legend><div class=\"wpforms-field-row wpforms-field-medium\"><div class=\"wpforms-field-row-block wpforms-first wpforms-one-half\"><input type=\"text\" id=\"wpforms-1093-field_1\" class=\"wpforms-field-name-first wpforms-field-required\" name=\"wpforms[fields][1][first]\" aria-errormessage=\"wpforms-1093-field_1-error\" required><label for=\"wpforms-1093-field_1\" class=\"wpforms-field-sublabel after\">Pr\u00e9nom<\/label><\/div><div class=\"wpforms-field-row-block wpforms-one-half\"><input type=\"text\" id=\"wpforms-1093-field_1-last\" class=\"wpforms-field-name-last wpforms-field-required\" name=\"wpforms[fields][1][last]\" aria-errormessage=\"wpforms-1093-field_1-last-error\" required><label for=\"wpforms-1093-field_1-last\" class=\"wpforms-field-sublabel after\">Nom<\/label><\/div><\/div><\/fieldset><\/div><div id=\"wpforms-1093-field_2-container\" class=\"wpforms-field wpforms-field-email\" data-field-id=\"2\"><label class=\"wpforms-field-label\" for=\"wpforms-1093-field_2\">Courriel <span class=\"wpforms-required-label\" aria-hidden=\"true\">*<\/span><\/label><input type=\"email\" id=\"wpforms-1093-field_2\" class=\"wpforms-field-medium wpforms-field-required\" name=\"wpforms[fields][2]\" spellcheck=\"false\" aria-errormessage=\"wpforms-1093-field_2-error\" required><\/div>\t\t<div id=\"wpforms-1093-field_4-container\"\n\t\t\tclass=\"wpforms-field wpforms-field-text\"\n\t\t\tdata-field-type=\"text\"\n\t\t\tdata-field-id=\"4\"\n\t\t\t>\n\t\t\t<label class=\"wpforms-field-label\" for=\"wpforms-1093-field_4\" >Message E-mail Nom<\/label>\n\t\t\t<input type=\"text\" id=\"wpforms-1093-field_4\" class=\"wpforms-field-medium\" name=\"wpforms[fields][4]\" >\n\t\t<\/div>\n\t\t<div id=\"wpforms-1093-field_3-container\" class=\"wpforms-field wpforms-field-textarea\" data-field-id=\"3\"><label class=\"wpforms-field-label\" for=\"wpforms-1093-field_3\">Message <span class=\"wpforms-required-label\" aria-hidden=\"true\">*<\/span><\/label><textarea id=\"wpforms-1093-field_3\" class=\"wpforms-field-medium wpforms-field-required\" name=\"wpforms[fields][3]\" aria-errormessage=\"wpforms-1093-field_3-error\" required><\/textarea><\/div><script>\n\t\t\t\t( function() {\n\t\t\t\t\tconst style = document.createElement( 'style' );\n\t\t\t\t\tstyle.appendChild( document.createTextNode( '#wpforms-1093-field_4-container { position: absolute !important; overflow: hidden !important; display: inline !important; height: 1px !important; width: 1px !important; z-index: -1000 !important; padding: 0 !important; } #wpforms-1093-field_4-container input { visibility: hidden; } #wpforms-conversational-form-page #wpforms-1093-field_4-container label { counter-increment: none; }' ) );\n\t\t\t\t\tdocument.head.appendChild( style );\n\t\t\t\t\tdocument.currentScript?.remove();\n\t\t\t\t} )();\n\t\t\t<\/script><\/div><!-- .wpforms-field-container --><div class=\"wpforms-submit-container\" ><input type=\"hidden\" name=\"wpforms[id]\" value=\"1093\"><input type=\"hidden\" name=\"page_title\" value=\"\"><input type=\"hidden\" name=\"page_url\" value=\"https:\/\/mia-airport.com\/fr\/wp-json\/wp\/v2\/pages\/643\"><input type=\"hidden\" name=\"url_referer\" value=\"\"><button type=\"submit\" name=\"wpforms[submit]\" id=\"wpforms-submit-1093\" class=\"wpforms-submit\" data-alt-text=\"Sending...\" data-submit-text=\"Submit\" aria-live=\"assertive\" value=\"wpforms-submit\">Soumettre<\/button><img decoding=\"async\" src=\"https:\/\/mia-airport.com\/wp-content\/plugins\/wpforms-lite\/assets\/images\/submit-spin.svg\" class=\"wpforms-submit-spinner\" style=\"display: none;\" width=\"26\" height=\"26\" alt=\"Chargement en cours\" title=\"\"><\/div><input type=\"hidden\" name=\"trp-form-language\" value=\"fr\"\/><\/form><\/div>  <!-- .wpforms-container --><\/p>\n<p>Je vous prie d'agr\u00e9er, Madame, Monsieur, l'expression de mes salutations distingu\u00e9es,<br \/>\n<b>Ben<\/b><\/p>","protected":false},"excerpt":{"rendered":"<p>Hello, my name is Ben. I live in Miami, and the idea for this website came from a need I [&hellip;]<\/p>","protected":false},"author":1,"featured_media":0,"parent":0,"menu_order":0,"comment_status":"closed","ping_status":"closed","template":"","meta":{"_acf_changed":false,"site-sidebar-layout":"no-sidebar","site-content-layout":"","ast-site-content-layout":"default","site-content-style":"default","site-sidebar-style":"default","ast-global-header-display":"","ast-banner-title-visibility":"","ast-main-header-display":"","ast-hfb-above-header-display":"","ast-hfb-below-header-display":"","ast-hfb-mobile-header-display":"","site-post-title":"","ast-breadcrumbs-content":"","ast-featured-img":"","footer-sml-layout":"","theme-transparent-header-meta":"default","adv-header-id-meta":"","stick-header-meta":"","header-above-stick-meta":"","header-main-stick-meta":"","header-below-stick-meta":"","astra-migrate-meta-layouts":"set","ast-page-background-enabled":"default","ast-page-background-meta":{"desktop":{"background-color":"var(--ast-global-color-4)","background-image":"","background-repeat":"repeat","background-position":"center center","background-size":"auto","background-attachment":"scroll","background-type":"","background-media":"","overlay-type":"","overlay-color":"","overlay-opacity":"","overlay-gradient":""},"tablet":{"background-color":"","background-image":"","background-repeat":"repeat","background-position":"center center","background-size":"auto","background-attachment":"scroll","background-type":"","background-media":"","overlay-type":"","overlay-color":"","overlay-opacity":"","overlay-gradient":""},"mobile":{"background-color":"","background-image":"","background-repeat":"repeat","background-position":"center center","background-size":"auto","background-attachment":"scroll","background-type":"","background-media":"","overlay-type":"","overlay-color":"","overlay-opacity":"","overlay-gradient":""}},"ast-content-background-meta":{"desktop":{"background-color":"var(--ast-global-color-5)","background-image":"","background-repeat":"repeat","background-position":"center center","background-size":"auto","background-attachment":"scroll","background-type":"","background-media":"","overlay-type":"","overlay-color":"","overlay-opacity":"","overlay-gradient":""},"tablet":{"background-color":"var(--ast-global-color-5)","background-image":"","background-repeat":"repeat","background-position":"center center","background-size":"auto","background-attachment":"scroll","background-type":"","background-media":"","overlay-type":"","overlay-color":"","overlay-opacity":"","overlay-gradient":""},"mobile":{"background-color":"var(--ast-global-color-5)","background-image":"","background-repeat":"repeat","background-position":"center center","background-size":"auto","background-attachment":"scroll","background-type":"","background-media":"","overlay-type":"","overlay-color":"","overlay-opacity":"","overlay-gradient":""}},"footnotes":""},"class_list":["post-643","page","type-page","status-publish","hentry"],"acf":[],"_links":{"self":[{"href":"https:\/\/mia-airport.com\/fr\/wp-json\/wp\/v2\/pages\/643","targetHints":{"allow":["GET"]}}],"collection":[{"href":"https:\/\/mia-airport.com\/fr\/wp-json\/wp\/v2\/pages"}],"about":[{"href":"https:\/\/mia-airport.com\/fr\/wp-json\/wp\/v2\/types\/page"}],"author":[{"embeddable":true,"href":"https:\/\/mia-airport.com\/fr\/wp-json\/wp\/v2\/users\/1"}],"replies":[{"embeddable":true,"href":"https:\/\/mia-airport.com\/fr\/wp-json\/wp\/v2\/comments?post=643"}],"version-history":[{"count":0,"href":"https:\/\/mia-airport.com\/fr\/wp-json\/wp\/v2\/pages\/643\/revisions"}],"wp:attachment":[{"href":"https:\/\/mia-airport.com\/fr\/wp-json\/wp\/v2\/media?parent=643"}],"curies":[{"name":"wp","href":"https:\/\/api.w.org\/{rel}","templated":true}]}}