{"id":984,"date":"2025-05-04T17:27:29","date_gmt":"2025-05-04T17:27:29","guid":{"rendered":"https:\/\/mia-airport.com\/?page_id=984"},"modified":"2026-01-02T07:56:56","modified_gmt":"2026-01-02T11:56:56","slug":"arrivees","status":"publish","type":"page","link":"https:\/\/mia-airport.com\/fr\/arrivees\/","title":{"rendered":"Arriv\u00e9es \u2013 A\u00e9roport de Miami (MIA)"},"content":{"rendered":"<p>Consultez les derni\u00e8res informations d&#039;arriv\u00e9e pour tous les vols \u00e0 destination de l&#039;a\u00e9roport de Miami. Le tableau ci-dessous affiche les mises \u00e0 jour en temps r\u00e9el, notamment les heures d&#039;arriv\u00e9e pr\u00e9vues, le statut actuel des vols, les compagnies a\u00e9riennes et les villes d&#039;origine. Vous pouvez voir si un vol a atterri, est retard\u00e9 ou a \u00e9t\u00e9 annul\u00e9. Le tableau des arriv\u00e9es se met \u00e0 jour automatiquement, vous permettant ainsi de toujours disposer des informations les plus r\u00e9centes, que vous r\u00e9cup\u00e9riez quelqu&#039;un ou que vous suiviez votre propre vol \u00e0 destination de Miami.<\/p>\n\n\n\n<br \/>\n<!-- No shortcodes are defined --><br \/>\n\n<h2>Mises \u00e0 jour en direct des arriv\u00e9es \u00e0 l&#039;a\u00e9roport de Miami<\/h2>\n<p>L&#039;a\u00e9roport international de Miami (MIA) propose des vols directs depuis 183 villes dans 64 pays et 195 a\u00e9roports dans le monde. Les principales correspondances incluent des villes comme New York, Atlanta, Chicago, Dallas, Los Angeles, Londres, Paris, Francfort, Madrid, Mexico, Bogota, S\u00e3o Paulo, S\u00e9oul et Shanghai. Plus de 1\u00a0000 vols d\u00e9collent chaque jour et plus de 50 millions de passagers utilisent l&#039;a\u00e9roport chaque ann\u00e9e.<\/p>\n<p>MIA propose des vols nationaux et internationaux via trois terminaux\u00a0: Nord, Centre et Sud. La dur\u00e9e moyenne des vols est de 2\u00a0heures depuis Atlanta, 3\u00a0heures depuis New York, 3\u00a0heures 16\u00a0minutes depuis Boston, 3\u00a0heures 44\u00a0minutes depuis Chicago et 3\u00a0heures 23\u00a0minutes depuis Dallas. L&#039;a\u00e9roport offre des infrastructures modernes, des contr\u00f4les douaniers et des passeports rapides, des syst\u00e8mes de r\u00e9cup\u00e9ration des bagages transparents et des salles d&#039;attente confortables. \u00c0 la sortie, les options de transport terrestre incluent les taxis, les transports en commun et les transferts priv\u00e9s vers le centre-ville de Miami et au-del\u00e0.<\/p>","protected":false},"excerpt":{"rendered":"<p>Check the latest arrival information for all flights coming into Miami Airport. The live table below shows real-time updates including [&hellip;]<\/p>","protected":false},"author":1,"featured_media":1144,"parent":0,"menu_order":0,"comment_status":"closed","ping_status":"closed","template":"","meta":{"_acf_changed":false,"site-sidebar-layout":"no-sidebar","site-content-layout":"","ast-site-content-layout":"default","site-content-style":"default","site-sidebar-style":"default","ast-global-header-display":"","ast-banner-title-visibility":"","ast-main-header-display":"","ast-hfb-above-header-display":"","ast-hfb-below-header-display":"","ast-hfb-mobile-header-display":"","site-post-title":"","ast-breadcrumbs-content":"","ast-featured-img":"","footer-sml-layout":"","theme-transparent-header-meta":"default","adv-header-id-meta":"","stick-header-meta":"","header-above-stick-meta":"","header-main-stick-meta":"","header-below-stick-meta":"","astra-migrate-meta-layouts":"set","ast-page-background-enabled":"default","ast-page-background-meta":{"desktop":{"background-color":"var(--ast-global-color-4)","background-image":"","background-repeat":"repeat","background-position":"center center","background-size":"auto","background-attachment":"scroll","background-type":"","background-media":"","overlay-type":"","overlay-color":"","overlay-opacity":"","overlay-gradient":""},"tablet":{"background-color":"","background-image":"","background-repeat":"repeat","background-position":"center center","background-size":"auto","background-attachment":"scroll","background-type":"","background-media":"","overlay-type":"","overlay-color":"","overlay-opacity":"","overlay-gradient":""},"mobile":{"background-color":"","background-image":"","background-repeat":"repeat","background-position":"center center","background-size":"auto","background-attachment":"scroll","background-type":"","background-media":"","overlay-type":"","overlay-color":"","overlay-opacity":"","overlay-gradient":""}},"ast-content-background-meta":{"desktop":{"background-color":"var(--ast-global-color-5)","background-image":"","background-repeat":"repeat","background-position":"center center","background-size":"auto","background-attachment":"scroll","background-type":"","background-media":"","overlay-type":"","overlay-color":"","overlay-opacity":"","overlay-gradient":""},"tablet":{"background-color":"var(--ast-global-color-5)","background-image":"","background-repeat":"repeat","background-position":"center center","background-size":"auto","background-attachment":"scroll","background-type":"","background-media":"","overlay-type":"","overlay-color":"","overlay-opacity":"","overlay-gradient":""},"mobile":{"background-color":"var(--ast-global-color-5)","background-image":"","background-repeat":"repeat","background-position":"center center","background-size":"auto","background-attachment":"scroll","background-type":"","background-media":"","overlay-type":"","overlay-color":"","overlay-opacity":"","overlay-gradient":""}},"footnotes":""},"class_list":["post-984","page","type-page","status-publish","has-post-thumbnail","hentry"],"acf":[],"_links":{"self":[{"href":"https:\/\/mia-airport.com\/fr\/wp-json\/wp\/v2\/pages\/984","targetHints":{"allow":["GET"]}}],"collection":[{"href":"https:\/\/mia-airport.com\/fr\/wp-json\/wp\/v2\/pages"}],"about":[{"href":"https:\/\/mia-airport.com\/fr\/wp-json\/wp\/v2\/types\/page"}],"author":[{"embeddable":true,"href":"https:\/\/mia-airport.com\/fr\/wp-json\/wp\/v2\/users\/1"}],"replies":[{"embeddable":true,"href":"https:\/\/mia-airport.com\/fr\/wp-json\/wp\/v2\/comments?post=984"}],"version-history":[{"count":0,"href":"https:\/\/mia-airport.com\/fr\/wp-json\/wp\/v2\/pages\/984\/revisions"}],"wp:featuredmedia":[{"embeddable":true,"href":"https:\/\/mia-airport.com\/fr\/wp-json\/wp\/v2\/media\/1144"}],"wp:attachment":[{"href":"https:\/\/mia-airport.com\/fr\/wp-json\/wp\/v2\/media?parent=984"}],"curies":[{"name":"wp","href":"https:\/\/api.w.org\/{rel}","templated":true}]}}