{"id":987,"date":"2025-05-04T17:34:39","date_gmt":"2025-05-04T17:34:39","guid":{"rendered":"https:\/\/mia-airport.com\/?page_id=987"},"modified":"2026-01-02T07:58:21","modified_gmt":"2026-01-02T11:58:21","slug":"departs","status":"publish","type":"page","link":"https:\/\/mia-airport.com\/fr\/departs\/","title":{"rendered":"D\u00e9parts \u2013 A\u00e9roport de Miami (MIA)"},"content":{"rendered":"<p>Consultez tous les vols au d\u00e9part de l&#039;a\u00e9roport de Miami aujourd&#039;hui avec des mises \u00e0 jour en temps r\u00e9el. Le tableau des d\u00e9parts ci-dessous suit chaque vol aller, vous indiquant les heures de d\u00e9part pr\u00e9vues, les vols en cours d&#039;embarquement et les \u00e9ventuels retards ou annulations. Que vous soyez en train de prendre un vol ou de consulter simplement les horaires de d\u00e9part, ce suivi en direct vous donne les derni\u00e8res informations en temps r\u00e9el.<\/p>\n\n\n\n<br \/>\n<!-- No shortcodes are defined --><br \/>\n\n<p>Le service D\u00e9parts de l&#039;a\u00e9roport international de Miami (MIA) relie les passagers \u00e0 plus de 80 a\u00e9roports am\u00e9ricains et \u00e0 des destinations internationales de premier plan en Am\u00e9rique latine, en Europe, au Moyen-Orient et en Asie. Les vols int\u00e9rieurs les plus fr\u00e9quents incluent New York, Atlanta, Chicago, Los Angeles et Dallas-Fort Worth, tandis que les vols internationaux desservent des villes comme Londres, Paris, Madrid, Francfort, Istanbul, S\u00e3o Paulo et Bogota.<\/p>\n<p>Les vols durent en moyenne 2 heures pour Atlanta, 3 heures pour New York, 3 heures 16 minutes pour Boston, 3 heures 44 minutes pour Chicago et 3 heures 23 minutes pour Dallas. La zone des d\u00e9parts est \u00e9quip\u00e9e d&#039;\u00e9crans num\u00e9riques affichant en temps r\u00e9el le statut du vol, les informations sur les portes d&#039;embarquement et les modalit\u00e9s d&#039;embarquement. Les passagers b\u00e9n\u00e9ficient de bornes libre-service, de vastes zones d&#039;enregistrement et de s\u00e9curit\u00e9, de salons, de restaurants, de boutiques duty-free et de salles d&#039;attente confortables. MIA propose \u00e9galement des mises \u00e0 jour en direct via son application mobile et son site web, ainsi que des comptoirs d&#039;accueil et des bornes interactives pour un d\u00e9part serein.<\/p>","protected":false},"excerpt":{"rendered":"<p>See all flights departing from Miami Airport today with real-time status updates. The departure board below tracks every outbound flight, [&hellip;]<\/p>","protected":false},"author":1,"featured_media":1145,"parent":0,"menu_order":0,"comment_status":"closed","ping_status":"closed","template":"","meta":{"_acf_changed":false,"site-sidebar-layout":"no-sidebar","site-content-layout":"","ast-site-content-layout":"default","site-content-style":"default","site-sidebar-style":"default","ast-global-header-display":"","ast-banner-title-visibility":"","ast-main-header-display":"","ast-hfb-above-header-display":"","ast-hfb-below-header-display":"","ast-hfb-mobile-header-display":"","site-post-title":"","ast-breadcrumbs-content":"","ast-featured-img":"","footer-sml-layout":"","theme-transparent-header-meta":"default","adv-header-id-meta":"","stick-header-meta":"","header-above-stick-meta":"","header-main-stick-meta":"","header-below-stick-meta":"","astra-migrate-meta-layouts":"set","ast-page-background-enabled":"default","ast-page-background-meta":{"desktop":{"background-color":"var(--ast-global-color-4)","background-image":"","background-repeat":"repeat","background-position":"center center","background-size":"auto","background-attachment":"scroll","background-type":"","background-media":"","overlay-type":"","overlay-color":"","overlay-opacity":"","overlay-gradient":""},"tablet":{"background-color":"","background-image":"","background-repeat":"repeat","background-position":"center center","background-size":"auto","background-attachment":"scroll","background-type":"","background-media":"","overlay-type":"","overlay-color":"","overlay-opacity":"","overlay-gradient":""},"mobile":{"background-color":"","background-image":"","background-repeat":"repeat","background-position":"center center","background-size":"auto","background-attachment":"scroll","background-type":"","background-media":"","overlay-type":"","overlay-color":"","overlay-opacity":"","overlay-gradient":""}},"ast-content-background-meta":{"desktop":{"background-color":"var(--ast-global-color-5)","background-image":"","background-repeat":"repeat","background-position":"center center","background-size":"auto","background-attachment":"scroll","background-type":"","background-media":"","overlay-type":"","overlay-color":"","overlay-opacity":"","overlay-gradient":""},"tablet":{"background-color":"var(--ast-global-color-5)","background-image":"","background-repeat":"repeat","background-position":"center center","background-size":"auto","background-attachment":"scroll","background-type":"","background-media":"","overlay-type":"","overlay-color":"","overlay-opacity":"","overlay-gradient":""},"mobile":{"background-color":"var(--ast-global-color-5)","background-image":"","background-repeat":"repeat","background-position":"center center","background-size":"auto","background-attachment":"scroll","background-type":"","background-media":"","overlay-type":"","overlay-color":"","overlay-opacity":"","overlay-gradient":""}},"footnotes":""},"class_list":["post-987","page","type-page","status-publish","has-post-thumbnail","hentry"],"acf":[],"_links":{"self":[{"href":"https:\/\/mia-airport.com\/fr\/wp-json\/wp\/v2\/pages\/987","targetHints":{"allow":["GET"]}}],"collection":[{"href":"https:\/\/mia-airport.com\/fr\/wp-json\/wp\/v2\/pages"}],"about":[{"href":"https:\/\/mia-airport.com\/fr\/wp-json\/wp\/v2\/types\/page"}],"author":[{"embeddable":true,"href":"https:\/\/mia-airport.com\/fr\/wp-json\/wp\/v2\/users\/1"}],"replies":[{"embeddable":true,"href":"https:\/\/mia-airport.com\/fr\/wp-json\/wp\/v2\/comments?post=987"}],"version-history":[{"count":0,"href":"https:\/\/mia-airport.com\/fr\/wp-json\/wp\/v2\/pages\/987\/revisions"}],"wp:featuredmedia":[{"embeddable":true,"href":"https:\/\/mia-airport.com\/fr\/wp-json\/wp\/v2\/media\/1145"}],"wp:attachment":[{"href":"https:\/\/mia-airport.com\/fr\/wp-json\/wp\/v2\/media?parent=987"}],"curies":[{"name":"wp","href":"https:\/\/api.w.org\/{rel}","templated":true}]}}