{"id":1028,"date":"2025-05-04T21:46:22","date_gmt":"2025-05-04T21:46:22","guid":{"rendered":"https:\/\/mia-airport.com\/?page_id=1028"},"modified":"2026-01-02T08:21:25","modified_gmt":"2026-01-02T12:21:25","slug":"atm","status":"publish","type":"page","link":"https:\/\/mia-airport.com\/pt\/atm\/","title":{"rendered":"Localiza\u00e7\u00e3o dos caixas eletr\u00f4nicos no aeroporto de Miami"},"content":{"rendered":"<p>O Aeroporto Internacional de Miami tem v\u00e1rios caixas eletr\u00f4nicos dentro e fora do terminal, onde os passageiros podem atender \u00e0s suas necessidades de dinheiro.<\/p>\n<h2>Localiza\u00e7\u00e3o dos caixas eletr\u00f4nicos no aeroporto de Miami<\/h2>\n<p><strong>Terminal Norte (D)<\/strong>: H\u00e1 caixas eletr\u00f4nicos no primeiro e segundo andares, especialmente perto das \u00e1reas de retirada de bagagem e dos pontos de acesso de seguran\u00e7a.<\/p>\n<p><strong>Terminal Central (E)<\/strong>: Os caixas eletr\u00f4nicos est\u00e3o dispon\u00edveis na \u00e1rea de retirada de bagagens do 1\u00ba andar.<\/p>\n<p><strong>Terminal Sul (J)<\/strong>: Os caixas eletr\u00f4nicos est\u00e3o localizados no sagu\u00e3o de recep\u00e7\u00e3o do segundo andar.<\/p>\n<p><strong>Concursos<\/strong>: H\u00e1 caixas eletr\u00f4nicos nos sagu\u00f5es D, E, F, G, H e J, ap\u00f3s os pontos de controle de seguran\u00e7a.<\/p>\n<p>Esses caixas eletr\u00f4nicos est\u00e3o dispon\u00edveis 24 horas por dia. Os caixas eletr\u00f4nicos no aeroporto s\u00e3o operados por institui\u00e7\u00f5es financeiras, como o Bank of America, Ocean Bank.<\/p>","protected":false},"excerpt":{"rendered":"<p>Miami International Airport has several ATM machines inside and outside the terminal where passengers can meet their cash needs. Locations [&hellip;]<\/p>","protected":false},"author":1,"featured_media":0,"parent":0,"menu_order":0,"comment_status":"closed","ping_status":"closed","template":"","meta":{"_acf_changed":false,"site-sidebar-layout":"no-sidebar","site-content-layout":"","ast-site-content-layout":"default","site-content-style":"default","site-sidebar-style":"default","ast-global-header-display":"","ast-banner-title-visibility":"","ast-main-header-display":"","ast-hfb-above-header-display":"","ast-hfb-below-header-display":"","ast-hfb-mobile-header-display":"","site-post-title":"","ast-breadcrumbs-content":"","ast-featured-img":"","footer-sml-layout":"","theme-transparent-header-meta":"default","adv-header-id-meta":"","stick-header-meta":"","header-above-stick-meta":"","header-main-stick-meta":"","header-below-stick-meta":"","astra-migrate-meta-layouts":"set","ast-page-background-enabled":"default","ast-page-background-meta":{"desktop":{"background-color":"var(--ast-global-color-4)","background-image":"","background-repeat":"repeat","background-position":"center center","background-size":"auto","background-attachment":"scroll","background-type":"","background-media":"","overlay-type":"","overlay-color":"","overlay-opacity":"","overlay-gradient":""},"tablet":{"background-color":"","background-image":"","background-repeat":"repeat","background-position":"center center","background-size":"auto","background-attachment":"scroll","background-type":"","background-media":"","overlay-type":"","overlay-color":"","overlay-opacity":"","overlay-gradient":""},"mobile":{"background-color":"","background-image":"","background-repeat":"repeat","background-position":"center center","background-size":"auto","background-attachment":"scroll","background-type":"","background-media":"","overlay-type":"","overlay-color":"","overlay-opacity":"","overlay-gradient":""}},"ast-content-background-meta":{"desktop":{"background-color":"var(--ast-global-color-5)","background-image":"","background-repeat":"repeat","background-position":"center center","background-size":"auto","background-attachment":"scroll","background-type":"","background-media":"","overlay-type":"","overlay-color":"","overlay-opacity":"","overlay-gradient":""},"tablet":{"background-color":"var(--ast-global-color-5)","background-image":"","background-repeat":"repeat","background-position":"center center","background-size":"auto","background-attachment":"scroll","background-type":"","background-media":"","overlay-type":"","overlay-color":"","overlay-opacity":"","overlay-gradient":""},"mobile":{"background-color":"var(--ast-global-color-5)","background-image":"","background-repeat":"repeat","background-position":"center center","background-size":"auto","background-attachment":"scroll","background-type":"","background-media":"","overlay-type":"","overlay-color":"","overlay-opacity":"","overlay-gradient":""}},"footnotes":""},"class_list":["post-1028","page","type-page","status-publish","hentry"],"acf":[],"_links":{"self":[{"href":"https:\/\/mia-airport.com\/pt\/wp-json\/wp\/v2\/pages\/1028","targetHints":{"allow":["GET"]}}],"collection":[{"href":"https:\/\/mia-airport.com\/pt\/wp-json\/wp\/v2\/pages"}],"about":[{"href":"https:\/\/mia-airport.com\/pt\/wp-json\/wp\/v2\/types\/page"}],"author":[{"embeddable":true,"href":"https:\/\/mia-airport.com\/pt\/wp-json\/wp\/v2\/users\/1"}],"replies":[{"embeddable":true,"href":"https:\/\/mia-airport.com\/pt\/wp-json\/wp\/v2\/comments?post=1028"}],"version-history":[{"count":0,"href":"https:\/\/mia-airport.com\/pt\/wp-json\/wp\/v2\/pages\/1028\/revisions"}],"wp:attachment":[{"href":"https:\/\/mia-airport.com\/pt\/wp-json\/wp\/v2\/media?parent=1028"}],"curies":[{"name":"wp","href":"https:\/\/api.w.org\/{rel}","templated":true}]}}