{"id":828,"date":"2025-02-26T21:30:16","date_gmt":"2025-02-26T21:30:16","guid":{"rendered":"https:\/\/hurghada-airport.com\/?page_id=828"},"modified":"2025-12-29T18:18:20","modified_gmt":"2025-12-29T22:18:20","slug":"contato","status":"publish","type":"page","link":"https:\/\/mia-airport.com\/pt\/contato\/","title":{"rendered":"Contato"},"content":{"rendered":"<p>Ol\u00e1!<\/p>\n<p>Bem-vindo ao mia-airport.com. Aqui, trabalhamos para ajud\u00e1-lo a encontrar facilmente as informa\u00e7\u00f5es que voc\u00ea precisa sobre o Aeroporto Internacional de Miami. Com mais de 25 anos de experi\u00eancia como funcion\u00e1rio do aeroporto, criei este site para ajudar os viajantes e todas as pessoas que utilizam o aeroporto. Nosso objetivo \u00e9 fornecer a voc\u00ea as informa\u00e7\u00f5es mais atualizadas, precisas e \u00fateis poss\u00edveis.<\/p>\n<p>Voc\u00ea pode acessar todos os tipos de informa\u00e7\u00f5es sobre o Aeroporto de Miami usando este site. No entanto, se tiver alguma d\u00favida ou sugest\u00e3o sobre qualquer omiss\u00e3o que possa ter notado em nosso site, n\u00e3o hesite em entrar em contato conosco.<\/p>\n<p>Voc\u00ea pode entrar em contato conosco pelo seguinte endere\u00e7o de e-mail:<\/p>\n<p><strong>info@mia-airport.com<\/strong><\/p>\n<p>Ficaremos felizes em receber suas perguntas ou coment\u00e1rios. Estamos sempre aqui para ajudar!<\/p>\n<p>Obrigado por visitar nosso site. Esperamos que as informa\u00e7\u00f5es aqui contidas sejam \u00fateis. Esperamos v\u00ea-lo novamente!<br \/>\n<style id=\"wpforms-css-vars-1093\">\n\t\t\t\t#wpforms-1093 {\n\t\t\t\t\n\t\t\t}\n\t\t\t<\/style><div class=\"wpforms-container wpforms-container-full wpforms-render-modern\" id=\"wpforms-1093\"><form id=\"wpforms-form-1093\" class=\"wpforms-validate wpforms-form wpforms-ajax-form\" data-formid=\"1093\" method=\"post\" enctype=\"multipart\/form-data\" action=\"\/pt\/wp-json\/wp\/v2\/pages\/828\" data-token=\"097f6d4dd7084deb1b266eb8897c7a9a\" data-token-time=\"1778974995\" data-trp-original-action=\"\/pt\/wp-json\/wp\/v2\/pages\/828\"><noscript class=\"wpforms-error-noscript\">Ativo o JavaScript no seu navegador para preencher este formul\u00e1rio.<\/noscript><div id=\"wpforms-error-noscript\" style=\"display: none;\">Ativo o JavaScript no seu navegador para preencher este formul\u00e1rio.<\/div><div class=\"wpforms-field-container\"><div id=\"wpforms-1093-field_1-container\" class=\"wpforms-field wpforms-field-name\" data-field-id=\"1\"><fieldset><legend class=\"wpforms-field-label\">Nome <span class=\"wpforms-required-label\" aria-hidden=\"true\">*<\/span><\/legend><div class=\"wpforms-field-row wpforms-field-medium\"><div class=\"wpforms-field-row-block wpforms-first wpforms-one-half\"><input type=\"text\" id=\"wpforms-1093-field_1\" class=\"wpforms-field-name-first wpforms-field-required\" name=\"wpforms[fields][1][first]\" aria-errormessage=\"wpforms-1093-field_1-error\" required><label for=\"wpforms-1093-field_1\" class=\"wpforms-field-sublabel after\">Nome<\/label><\/div><div class=\"wpforms-field-row-block wpforms-one-half\"><input type=\"text\" id=\"wpforms-1093-field_1-last\" class=\"wpforms-field-name-last wpforms-field-required\" name=\"wpforms[fields][1][last]\" aria-errormessage=\"wpforms-1093-field_1-last-error\" required><label for=\"wpforms-1093-field_1-last\" class=\"wpforms-field-sublabel after\">Sobrenome<\/label><\/div><\/div><\/fieldset><\/div><div id=\"wpforms-1093-field_2-container\" class=\"wpforms-field wpforms-field-email\" data-field-id=\"2\"><label class=\"wpforms-field-label\" for=\"wpforms-1093-field_2\">E-mail <span class=\"wpforms-required-label\" aria-hidden=\"true\">*<\/span><\/label><input type=\"email\" id=\"wpforms-1093-field_2\" class=\"wpforms-field-medium wpforms-field-required\" name=\"wpforms[fields][2]\" spellcheck=\"false\" aria-errormessage=\"wpforms-1093-field_2-error\" required><\/div>\t\t<div id=\"wpforms-1093-field_4-container\"\n\t\t\tclass=\"wpforms-field wpforms-field-text\"\n\t\t\tdata-field-type=\"text\"\n\t\t\tdata-field-id=\"4\"\n\t\t\t>\n\t\t\t<label class=\"wpforms-field-label\" for=\"wpforms-1093-field_4\" >Nome E-mail Mensagem<\/label>\n\t\t\t<input type=\"text\" id=\"wpforms-1093-field_4\" class=\"wpforms-field-medium\" name=\"wpforms[fields][4]\" >\n\t\t<\/div>\n\t\t<div id=\"wpforms-1093-field_3-container\" class=\"wpforms-field wpforms-field-textarea\" data-field-id=\"3\"><label class=\"wpforms-field-label\" for=\"wpforms-1093-field_3\">Mensagem <span class=\"wpforms-required-label\" aria-hidden=\"true\">*<\/span><\/label><textarea id=\"wpforms-1093-field_3\" class=\"wpforms-field-medium wpforms-field-required\" name=\"wpforms[fields][3]\" aria-errormessage=\"wpforms-1093-field_3-error\" required><\/textarea><\/div><script>\n\t\t\t\t( function() {\n\t\t\t\t\tconst style = document.createElement( 'style' );\n\t\t\t\t\tstyle.appendChild( document.createTextNode( '#wpforms-1093-field_4-container { position: absolute !important; overflow: hidden !important; display: inline !important; height: 1px !important; width: 1px !important; z-index: -1000 !important; padding: 0 !important; } #wpforms-1093-field_4-container input { visibility: hidden; } #wpforms-conversational-form-page #wpforms-1093-field_4-container label { counter-increment: none; }' ) );\n\t\t\t\t\tdocument.head.appendChild( style );\n\t\t\t\t\tdocument.currentScript?.remove();\n\t\t\t\t} )();\n\t\t\t<\/script><\/div><!-- .wpforms-field-container --><div class=\"wpforms-submit-container\" ><input type=\"hidden\" name=\"wpforms[id]\" value=\"1093\"><input type=\"hidden\" name=\"page_title\" value=\"\"><input type=\"hidden\" name=\"page_url\" value=\"https:\/\/mia-airport.com\/pt\/wp-json\/wp\/v2\/pages\/828\"><input type=\"hidden\" name=\"url_referer\" value=\"\"><button type=\"submit\" name=\"wpforms[submit]\" id=\"wpforms-submit-1093\" class=\"wpforms-submit\" data-alt-text=\"Sending...\" data-submit-text=\"Submit\" aria-live=\"assertive\" value=\"wpforms-submit\">Enviar<\/button><img decoding=\"async\" src=\"https:\/\/mia-airport.com\/wp-content\/plugins\/wpforms-lite\/assets\/images\/submit-spin.svg\" class=\"wpforms-submit-spinner\" style=\"display: none;\" width=\"26\" height=\"26\" alt=\"Carregando\" title=\"\"><\/div><input type=\"hidden\" name=\"trp-form-language\" value=\"pt\"\/><\/form><\/div>  <!-- .wpforms-container --><\/p>\n<p>Com os melhores cumprimentos,<br \/>\n<b>Ben<\/b><\/p>","protected":false},"excerpt":{"rendered":"<p>Ol\u00e1! Bem-vindo ao mia-airport.com. Aqui, trabalhamos para ajud\u00e1-lo a encontrar facilmente as informa\u00e7\u00f5es que voc\u00ea precisa sobre o Aeroporto Internacional de Miami. [...]<\/p>","protected":false},"author":1,"featured_media":0,"parent":0,"menu_order":0,"comment_status":"closed","ping_status":"closed","template":"","meta":{"_acf_changed":false,"site-sidebar-layout":"no-sidebar","site-content-layout":"","ast-site-content-layout":"default","site-content-style":"default","site-sidebar-style":"default","ast-global-header-display":"","ast-banner-title-visibility":"","ast-main-header-display":"","ast-hfb-above-header-display":"","ast-hfb-below-header-display":"","ast-hfb-mobile-header-display":"","site-post-title":"","ast-breadcrumbs-content":"","ast-featured-img":"","footer-sml-layout":"","theme-transparent-header-meta":"default","adv-header-id-meta":"","stick-header-meta":"","header-above-stick-meta":"","header-main-stick-meta":"","header-below-stick-meta":"","astra-migrate-meta-layouts":"set","ast-page-background-enabled":"default","ast-page-background-meta":{"desktop":{"background-color":"var(--ast-global-color-4)","background-image":"","background-repeat":"repeat","background-position":"center center","background-size":"auto","background-attachment":"scroll","background-type":"","background-media":"","overlay-type":"","overlay-color":"","overlay-opacity":"","overlay-gradient":""},"tablet":{"background-color":"","background-image":"","background-repeat":"repeat","background-position":"center center","background-size":"auto","background-attachment":"scroll","background-type":"","background-media":"","overlay-type":"","overlay-color":"","overlay-opacity":"","overlay-gradient":""},"mobile":{"background-color":"","background-image":"","background-repeat":"repeat","background-position":"center center","background-size":"auto","background-attachment":"scroll","background-type":"","background-media":"","overlay-type":"","overlay-color":"","overlay-opacity":"","overlay-gradient":""}},"ast-content-background-meta":{"desktop":{"background-color":"var(--ast-global-color-5)","background-image":"","background-repeat":"repeat","background-position":"center center","background-size":"auto","background-attachment":"scroll","background-type":"","background-media":"","overlay-type":"","overlay-color":"","overlay-opacity":"","overlay-gradient":""},"tablet":{"background-color":"var(--ast-global-color-5)","background-image":"","background-repeat":"repeat","background-position":"center center","background-size":"auto","background-attachment":"scroll","background-type":"","background-media":"","overlay-type":"","overlay-color":"","overlay-opacity":"","overlay-gradient":""},"mobile":{"background-color":"var(--ast-global-color-5)","background-image":"","background-repeat":"repeat","background-position":"center center","background-size":"auto","background-attachment":"scroll","background-type":"","background-media":"","overlay-type":"","overlay-color":"","overlay-opacity":"","overlay-gradient":""}},"footnotes":""},"class_list":["post-828","page","type-page","status-publish","hentry"],"acf":[],"_links":{"self":[{"href":"https:\/\/mia-airport.com\/pt\/wp-json\/wp\/v2\/pages\/828","targetHints":{"allow":["GET"]}}],"collection":[{"href":"https:\/\/mia-airport.com\/pt\/wp-json\/wp\/v2\/pages"}],"about":[{"href":"https:\/\/mia-airport.com\/pt\/wp-json\/wp\/v2\/types\/page"}],"author":[{"embeddable":true,"href":"https:\/\/mia-airport.com\/pt\/wp-json\/wp\/v2\/users\/1"}],"replies":[{"embeddable":true,"href":"https:\/\/mia-airport.com\/pt\/wp-json\/wp\/v2\/comments?post=828"}],"version-history":[{"count":0,"href":"https:\/\/mia-airport.com\/pt\/wp-json\/wp\/v2\/pages\/828\/revisions"}],"wp:attachment":[{"href":"https:\/\/mia-airport.com\/pt\/wp-json\/wp\/v2\/media?parent=828"}],"curies":[{"name":"wp","href":"https:\/\/api.w.org\/{rel}","templated":true}]}}