{"id":984,"date":"2025-05-04T17:27:29","date_gmt":"2025-05-04T17:27:29","guid":{"rendered":"https:\/\/mia-airport.com\/?page_id=984"},"modified":"2026-01-02T07:56:56","modified_gmt":"2026-01-02T11:56:56","slug":"chegadas","status":"publish","type":"page","link":"https:\/\/mia-airport.com\/pt\/chegadas\/","title":{"rendered":"Chegadas \u2013 Aeroporto de Miami (MIA)"},"content":{"rendered":"<p>Confira as informa\u00e7\u00f5es mais recentes sobre a chegada de todos os voos que chegam ao Aeroporto de Miami. A tabela abaixo mostra atualiza\u00e7\u00f5es em tempo real, incluindo hor\u00e1rios de chegada programados, status atual do voo, companhias a\u00e9reas e cidades de origem. Voc\u00ea pode ver se um voo pousou, est\u00e1 atrasado ou foi cancelado. O painel de chegadas \u00e9 atualizado automaticamente, para que voc\u00ea tenha sempre as informa\u00e7\u00f5es mais atualizadas, seja para buscar algu\u00e9m ou para acompanhar seu pr\u00f3prio voo de chegada para Miami.<\/p>\n\n\n<br \/>\n<!-- No shortcodes are defined --><br \/>\n\n\n<h2>Atualiza\u00e7\u00f5es de chegadas ao vivo para o Aeroporto de Miami<\/h2>\n<p>O Aeroporto Internacional de Miami (MIA) tem voos diretos de 183 cidades em 64 pa\u00edses e 195 aeroportos em todo o mundo. As principais conex\u00f5es incluem cidades como Nova York, Atlanta, Chicago, Dallas, Los Angeles, Londres, Paris, Frankfurt, Madri, Cidade do M\u00e9xico, Bogot\u00e1, S\u00e3o Paulo, Seul e Xangai. Mais de 1.000 voos partem diariamente e mais de 50 milh\u00f5es de passageiros utilizam o aeroporto todos os anos.<\/p>\n<p>O MIA opera voos dom\u00e9sticos e internacionais atrav\u00e9s de tr\u00eas terminais: Norte, Central e Sul. O tempo m\u00e9dio de voo inclui 2 horas de Atlanta, 3 horas de Nova York, 3 horas e 16 minutos de Boston, 3 horas e 44 minutos de Chicago e 3 horas e 23 minutos de Dallas. O aeroporto oferece infraestrutura moderna, alf\u00e2ndega e controle de passaportes r\u00e1pidos, sistemas de retirada de bagagem transparentes e salas de espera confort\u00e1veis. As op\u00e7\u00f5es de transporte terrestre na sa\u00edda incluem t\u00e1xis, transporte p\u00fablico e traslados privativos para o centro de Miami e outros locais.<\/p>","protected":false},"excerpt":{"rendered":"<p>Check the latest arrival information for all flights coming into Miami Airport. The live table below shows real-time updates including [&hellip;]<\/p>","protected":false},"author":1,"featured_media":1144,"parent":0,"menu_order":0,"comment_status":"closed","ping_status":"closed","template":"","meta":{"_acf_changed":false,"site-sidebar-layout":"no-sidebar","site-content-layout":"","ast-site-content-layout":"default","site-content-style":"default","site-sidebar-style":"default","ast-global-header-display":"","ast-banner-title-visibility":"","ast-main-header-display":"","ast-hfb-above-header-display":"","ast-hfb-below-header-display":"","ast-hfb-mobile-header-display":"","site-post-title":"","ast-breadcrumbs-content":"","ast-featured-img":"","footer-sml-layout":"","theme-transparent-header-meta":"default","adv-header-id-meta":"","stick-header-meta":"","header-above-stick-meta":"","header-main-stick-meta":"","header-below-stick-meta":"","astra-migrate-meta-layouts":"set","ast-page-background-enabled":"default","ast-page-background-meta":{"desktop":{"background-color":"var(--ast-global-color-4)","background-image":"","background-repeat":"repeat","background-position":"center center","background-size":"auto","background-attachment":"scroll","background-type":"","background-media":"","overlay-type":"","overlay-color":"","overlay-opacity":"","overlay-gradient":""},"tablet":{"background-color":"","background-image":"","background-repeat":"repeat","background-position":"center center","background-size":"auto","background-attachment":"scroll","background-type":"","background-media":"","overlay-type":"","overlay-color":"","overlay-opacity":"","overlay-gradient":""},"mobile":{"background-color":"","background-image":"","background-repeat":"repeat","background-position":"center center","background-size":"auto","background-attachment":"scroll","background-type":"","background-media":"","overlay-type":"","overlay-color":"","overlay-opacity":"","overlay-gradient":""}},"ast-content-background-meta":{"desktop":{"background-color":"var(--ast-global-color-5)","background-image":"","background-repeat":"repeat","background-position":"center center","background-size":"auto","background-attachment":"scroll","background-type":"","background-media":"","overlay-type":"","overlay-color":"","overlay-opacity":"","overlay-gradient":""},"tablet":{"background-color":"var(--ast-global-color-5)","background-image":"","background-repeat":"repeat","background-position":"center center","background-size":"auto","background-attachment":"scroll","background-type":"","background-media":"","overlay-type":"","overlay-color":"","overlay-opacity":"","overlay-gradient":""},"mobile":{"background-color":"var(--ast-global-color-5)","background-image":"","background-repeat":"repeat","background-position":"center center","background-size":"auto","background-attachment":"scroll","background-type":"","background-media":"","overlay-type":"","overlay-color":"","overlay-opacity":"","overlay-gradient":""}},"footnotes":""},"class_list":["post-984","page","type-page","status-publish","has-post-thumbnail","hentry"],"acf":[],"_links":{"self":[{"href":"https:\/\/mia-airport.com\/pt\/wp-json\/wp\/v2\/pages\/984","targetHints":{"allow":["GET"]}}],"collection":[{"href":"https:\/\/mia-airport.com\/pt\/wp-json\/wp\/v2\/pages"}],"about":[{"href":"https:\/\/mia-airport.com\/pt\/wp-json\/wp\/v2\/types\/page"}],"author":[{"embeddable":true,"href":"https:\/\/mia-airport.com\/pt\/wp-json\/wp\/v2\/users\/1"}],"replies":[{"embeddable":true,"href":"https:\/\/mia-airport.com\/pt\/wp-json\/wp\/v2\/comments?post=984"}],"version-history":[{"count":0,"href":"https:\/\/mia-airport.com\/pt\/wp-json\/wp\/v2\/pages\/984\/revisions"}],"wp:featuredmedia":[{"embeddable":true,"href":"https:\/\/mia-airport.com\/pt\/wp-json\/wp\/v2\/media\/1144"}],"wp:attachment":[{"href":"https:\/\/mia-airport.com\/pt\/wp-json\/wp\/v2\/media?parent=984"}],"curies":[{"name":"wp","href":"https:\/\/api.w.org\/{rel}","templated":true}]}}